{"id":5464,"date":"2025-02-09T20:52:08","date_gmt":"2025-02-09T20:52:08","guid":{"rendered":"https:\/\/woolkatla.com\/product\/ullarpeysa-engill\/"},"modified":"2025-02-10T11:01:58","modified_gmt":"2025-02-10T11:01:58","slug":"ullarpeysa-engill","status":"publish","type":"product","link":"https:\/\/woolkatla.com\/is\/vara\/ullarpeysa-engill\/","title":{"rendered":"Ullarpeysa &#8222;Engill&#8220;"},"content":{"rendered":"<ul>\n<li>\u00cdslensk framlei\u00f0sla, framleidd \u00ed\u00a0 V\u00edk<\/li>\n<li>100%\u00a0 \u00edslenskri ull\/n\u00fd ull<\/li>\n<li>Burstu\u00f0 peysa<\/li>\n<li>Oversized, S\/M<\/li>\n<li>Hand\u00fevottur<\/li>\n<\/ul>\n","protected":false},"excerpt":{"rendered":"<p>\u00cdslensk framlei\u00f0sla, framleidd \u00ed\u00a0 V\u00edk 100%\u00a0 \u00edslenskri ull\/n\u00fd ull Burstu\u00f0 peysa Oversized, S\/M Hand\u00fevottur<\/p>\n","protected":false},"featured_media":5456,"comment_status":"open","ping_status":"closed","template":"","meta":{"_acf_changed":false},"product_brand":[],"product_cat":[81],"product_tag":[88,91],"class_list":{"0":"post-5464","1":"product","2":"type-product","3":"status-publish","4":"has-post-thumbnail","6":"product_cat-sweater-is","7":"product_tag-islensk-ull","8":"product_tag-ullarvorur","10":"first","11":"instock","12":"taxable","13":"shipping-taxable","14":"purchasable","15":"product-type-simple"},"acf":[],"_links":{"self":[{"href":"https:\/\/woolkatla.com\/is\/wp-json\/wp\/v2\/product\/5464","targetHints":{"allow":["GET"]}}],"collection":[{"href":"https:\/\/woolkatla.com\/is\/wp-json\/wp\/v2\/product"}],"about":[{"href":"https:\/\/woolkatla.com\/is\/wp-json\/wp\/v2\/types\/product"}],"replies":[{"embeddable":true,"href":"https:\/\/woolkatla.com\/is\/wp-json\/wp\/v2\/comments?post=5464"}],"version-history":[{"count":0,"href":"https:\/\/woolkatla.com\/is\/wp-json\/wp\/v2\/product\/5464\/revisions"}],"wp:featuredmedia":[{"embeddable":true,"href":"https:\/\/woolkatla.com\/is\/wp-json\/wp\/v2\/media\/5456"}],"wp:attachment":[{"href":"https:\/\/woolkatla.com\/is\/wp-json\/wp\/v2\/media?parent=5464"}],"wp:term":[{"taxonomy":"product_brand","embeddable":true,"href":"https:\/\/woolkatla.com\/is\/wp-json\/wp\/v2\/product_brand?post=5464"},{"taxonomy":"product_cat","embeddable":true,"href":"https:\/\/woolkatla.com\/is\/wp-json\/wp\/v2\/product_cat?post=5464"},{"taxonomy":"product_tag","embeddable":true,"href":"https:\/\/woolkatla.com\/is\/wp-json\/wp\/v2\/product_tag?post=5464"}],"curies":[{"name":"wp","href":"https:\/\/api.w.org\/{rel}","templated":true}]}}