{"id":5375,"date":"2024-11-28T23:43:54","date_gmt":"2024-11-28T23:43:54","guid":{"rendered":"https:\/\/woolkatla.com\/?post_type=product&#038;p=5375"},"modified":"2024-11-28T23:53:15","modified_gmt":"2024-11-28T23:53:15","slug":"sel-duskhufa-copy","status":"publish","type":"product","link":"https:\/\/woolkatla.com\/is\/vara\/sel-duskhufa-copy\/","title":{"rendered":"Sel \u2013 ullarh\u00fafa"},"content":{"rendered":"<ul>\n<li>\u00cdslensk framlei\u00f0sla<\/li>\n<li>100% \u00edslenskri ull<\/li>\n<li>B\u00f3mull eru fr\u00f3\u00f0nu\u00f0 stroff<\/li>\n<li>Hand\u00fevottur<\/li>\n<li>Ein st\u00e6r\u00f0<\/li>\n<\/ul>\n","protected":false},"excerpt":{"rendered":"<p>Sv\u00f6rt-gr\u00e1-hv\u00edt h\u00fafa er prj\u00f3nu\u00f0 \u00far hreinni \u00edslenskri ull.<\/p>\n<p>\u00cd innra lagi hennar er mj\u00fakur b\u00f3mullarfr\u00f3\u00f0ur sem hentar vel fyrir f\u00f3lki me\u00f0 vi\u00f0kv\u00e6ma h\u00fa\u00f0. Vetrarh\u00fafa er me\u00f0 upp\u00e1broti me\u00f0 stroffprj\u00f3ni og \u00e1 hana er sauma\u00f0 gervid\u00faskur.<\/p>\n","protected":false},"featured_media":5377,"comment_status":"open","ping_status":"closed","template":"","meta":{"_acf_changed":false},"product_brand":[],"product_cat":[59],"product_tag":[88,91],"class_list":{"0":"post-5375","1":"product","2":"type-product","3":"status-publish","4":"has-post-thumbnail","6":"product_cat-hufur-og-ennisbond","7":"product_tag-islensk-ull","8":"product_tag-ullarvorur","10":"first","11":"instock","12":"taxable","13":"shipping-taxable","14":"purchasable","15":"product-type-simple"},"acf":[],"_links":{"self":[{"href":"https:\/\/woolkatla.com\/is\/wp-json\/wp\/v2\/product\/5375","targetHints":{"allow":["GET"]}}],"collection":[{"href":"https:\/\/woolkatla.com\/is\/wp-json\/wp\/v2\/product"}],"about":[{"href":"https:\/\/woolkatla.com\/is\/wp-json\/wp\/v2\/types\/product"}],"replies":[{"embeddable":true,"href":"https:\/\/woolkatla.com\/is\/wp-json\/wp\/v2\/comments?post=5375"}],"version-history":[{"count":2,"href":"https:\/\/woolkatla.com\/is\/wp-json\/wp\/v2\/product\/5375\/revisions"}],"predecessor-version":[{"id":5380,"href":"https:\/\/woolkatla.com\/is\/wp-json\/wp\/v2\/product\/5375\/revisions\/5380"}],"wp:featuredmedia":[{"embeddable":true,"href":"https:\/\/woolkatla.com\/is\/wp-json\/wp\/v2\/media\/5377"}],"wp:attachment":[{"href":"https:\/\/woolkatla.com\/is\/wp-json\/wp\/v2\/media?parent=5375"}],"wp:term":[{"taxonomy":"product_brand","embeddable":true,"href":"https:\/\/woolkatla.com\/is\/wp-json\/wp\/v2\/product_brand?post=5375"},{"taxonomy":"product_cat","embeddable":true,"href":"https:\/\/woolkatla.com\/is\/wp-json\/wp\/v2\/product_cat?post=5375"},{"taxonomy":"product_tag","embeddable":true,"href":"https:\/\/woolkatla.com\/is\/wp-json\/wp\/v2\/product_tag?post=5375"}],"curies":[{"name":"wp","href":"https:\/\/api.w.org\/{rel}","templated":true}]}}