{"id":5117,"date":"2024-03-25T12:08:00","date_gmt":"2024-03-25T12:08:00","guid":{"rendered":"https:\/\/woolkatla.com\/?post_type=product&#038;p=5117"},"modified":"2024-03-25T12:31:58","modified_gmt":"2024-03-25T12:31:58","slug":"peysa-askja-copy","status":"publish","type":"product","link":"https:\/\/woolkatla.com\/is\/vara\/peysa-askja-copy\/","title":{"rendered":"Peysa me\u00f0 klukkuprj\u00f3ni Soff\u00eda"},"content":{"rendered":"<ul>\n<li>\u00cdslensk framlei\u00f0sla, framleidd \u00ed\u00a0 V\u00edk<\/li>\n<li>100%\u00a0 \u00edslenskri ull\/n\u00fd ull<\/li>\n<li>Burstu\u00f0 peysa<\/li>\n<li>Klukkuprj\u00f3n<\/li>\n<li>Hand\u00fevottur<\/li>\n<\/ul>\n","protected":false},"excerpt":{"rendered":"<p>\u00cdslensk framlei\u00f0sla, framleidd \u00ed\u00a0 V\u00edk 100%\u00a0 \u00edslenskri ull\/n\u00fd ull Burstu\u00f0 peysa Klukkuprj\u00f3n Hand\u00fevottur<\/p>\n","protected":false},"featured_media":5123,"comment_status":"open","ping_status":"closed","template":"","meta":{"_acf_changed":false},"product_brand":[],"product_cat":[81],"product_tag":[],"class_list":{"0":"post-5117","1":"product","2":"type-product","3":"status-publish","4":"has-post-thumbnail","6":"product_cat-sweater-is","8":"first","9":"instock","10":"taxable","11":"shipping-taxable","12":"purchasable","13":"product-type-variable","14":"has-default-attributes"},"acf":[],"_links":{"self":[{"href":"https:\/\/woolkatla.com\/is\/wp-json\/wp\/v2\/product\/5117","targetHints":{"allow":["GET"]}}],"collection":[{"href":"https:\/\/woolkatla.com\/is\/wp-json\/wp\/v2\/product"}],"about":[{"href":"https:\/\/woolkatla.com\/is\/wp-json\/wp\/v2\/types\/product"}],"replies":[{"embeddable":true,"href":"https:\/\/woolkatla.com\/is\/wp-json\/wp\/v2\/comments?post=5117"}],"version-history":[{"count":1,"href":"https:\/\/woolkatla.com\/is\/wp-json\/wp\/v2\/product\/5117\/revisions"}],"predecessor-version":[{"id":5129,"href":"https:\/\/woolkatla.com\/is\/wp-json\/wp\/v2\/product\/5117\/revisions\/5129"}],"wp:featuredmedia":[{"embeddable":true,"href":"https:\/\/woolkatla.com\/is\/wp-json\/wp\/v2\/media\/5123"}],"wp:attachment":[{"href":"https:\/\/woolkatla.com\/is\/wp-json\/wp\/v2\/media?parent=5117"}],"wp:term":[{"taxonomy":"product_brand","embeddable":true,"href":"https:\/\/woolkatla.com\/is\/wp-json\/wp\/v2\/product_brand?post=5117"},{"taxonomy":"product_cat","embeddable":true,"href":"https:\/\/woolkatla.com\/is\/wp-json\/wp\/v2\/product_cat?post=5117"},{"taxonomy":"product_tag","embeddable":true,"href":"https:\/\/woolkatla.com\/is\/wp-json\/wp\/v2\/product_tag?post=5117"}],"curies":[{"name":"wp","href":"https:\/\/api.w.org\/{rel}","templated":true}]}}