{"id":5043,"date":"2023-12-07T21:21:33","date_gmt":"2023-12-07T21:21:33","guid":{"rendered":"https:\/\/woolkatla.com\/?post_type=product&#038;p=5043"},"modified":"2023-12-07T21:29:59","modified_gmt":"2023-12-07T21:29:59","slug":"muli-ullarhufa","status":"publish","type":"product","link":"https:\/\/woolkatla.com\/is\/vara\/muli-ullarhufa\/","title":{"rendered":"M\u00fali &#8211; ullarh\u00fafa"},"content":{"rendered":"<ul>\n<li>\u00cdslensk framlei\u00f0sla<\/li>\n<li>Ein st\u00e6r\u00f0<\/li>\n<li>100% \u00edslenskri ull<\/li>\n<li>B\u00f3mull eru fr\u00f3\u00f0nu\u00f0 stroff<\/li>\n<li>Hand\u00fevottur<\/li>\n<\/ul>\n","protected":false},"excerpt":{"rendered":"<p>Hl\u00fd og falleg h\u00fafa me\u00f0 ka\u00f0laprj\u00f3ni \u00far \u00edslenskri ull. \u00cd innra lagi hennar er mj\u00fak b\u00f3mull. H\u00fafa me\u00f0 upp\u00e1broti me\u00f0 stroffprj\u00f3ni hentar vel fyrir kalda daga.<\/p>\n","protected":false},"featured_media":5046,"comment_status":"open","ping_status":"closed","template":"","meta":{"_acf_changed":false},"product_brand":[],"product_cat":[59],"product_tag":[99,88,91],"class_list":{"0":"post-5043","1":"product","2":"type-product","3":"status-publish","4":"has-post-thumbnail","6":"product_cat-hufur-og-ennisbond","7":"product_tag-framleitt-i-vik","8":"product_tag-islensk-ull","9":"product_tag-ullarvorur","11":"first","12":"instock","13":"taxable","14":"shipping-taxable","15":"purchasable","16":"product-type-variable"},"acf":[],"_links":{"self":[{"href":"https:\/\/woolkatla.com\/is\/wp-json\/wp\/v2\/product\/5043","targetHints":{"allow":["GET"]}}],"collection":[{"href":"https:\/\/woolkatla.com\/is\/wp-json\/wp\/v2\/product"}],"about":[{"href":"https:\/\/woolkatla.com\/is\/wp-json\/wp\/v2\/types\/product"}],"replies":[{"embeddable":true,"href":"https:\/\/woolkatla.com\/is\/wp-json\/wp\/v2\/comments?post=5043"}],"version-history":[{"count":1,"href":"https:\/\/woolkatla.com\/is\/wp-json\/wp\/v2\/product\/5043\/revisions"}],"predecessor-version":[{"id":5054,"href":"https:\/\/woolkatla.com\/is\/wp-json\/wp\/v2\/product\/5043\/revisions\/5054"}],"wp:featuredmedia":[{"embeddable":true,"href":"https:\/\/woolkatla.com\/is\/wp-json\/wp\/v2\/media\/5046"}],"wp:attachment":[{"href":"https:\/\/woolkatla.com\/is\/wp-json\/wp\/v2\/media?parent=5043"}],"wp:term":[{"taxonomy":"product_brand","embeddable":true,"href":"https:\/\/woolkatla.com\/is\/wp-json\/wp\/v2\/product_brand?post=5043"},{"taxonomy":"product_cat","embeddable":true,"href":"https:\/\/woolkatla.com\/is\/wp-json\/wp\/v2\/product_cat?post=5043"},{"taxonomy":"product_tag","embeddable":true,"href":"https:\/\/woolkatla.com\/is\/wp-json\/wp\/v2\/product_tag?post=5043"}],"curies":[{"name":"wp","href":"https:\/\/api.w.org\/{rel}","templated":true}]}}