{"id":5003,"date":"2023-11-22T22:35:30","date_gmt":"2023-11-22T22:35:30","guid":{"rendered":"https:\/\/woolkatla.com\/?post_type=product&#038;p=5003"},"modified":"2025-10-17T14:54:43","modified_gmt":"2025-10-17T14:54:43","slug":"reynisfjallasokkar","status":"publish","type":"product","link":"https:\/\/woolkatla.com\/is\/vara\/reynisfjallasokkar\/","title":{"rendered":"Reynisfjallasokkar"},"content":{"rendered":"<ul>\n<li>\u00cdslensk framlei\u00f0sla, framleidd \u00ed\u00a0 V\u00edk<\/li>\n<li>65% merino-ull, 35% p\u00f3l\u00fdam\u00ed\u00f0<\/li>\n<li>Hand\u00fevottur, \u00fevoi\u00f0 \u00e1 r\u00f6ngunni<\/li>\n<li>EU st\u00e6r\u00f0<\/li>\n<\/ul>\n","protected":false},"excerpt":{"rendered":"<p>\u00cd hl\u00fdjumReynisfjallasokkum er blandan af mj\u00fakri merino-ull og p\u00f3l\u00fdam\u00ed\u00f0 garni sem gefur \u00feeim teygjaleika og betri endingu. H\u00fan veitir \u00fe\u00e6gindi og n\u00e1tt\u00farulega hitastj\u00f3rnum \u00ed l\u00f6ngum fjallafer\u00f0um e\u00f0a stuttum g\u00f6ngut\u00farum.<\/p>\n<p>\u00de\u00e6gileg fr\u00f3\u00f0un \u00ed undirf\u00e6ti verndar og einangrar og mj\u00fak teygja \u00ed stroffinu heldur sokknum uppi.<\/p>\n","protected":false},"featured_media":4614,"comment_status":"open","ping_status":"closed","template":"","meta":{"_acf_changed":false},"product_brand":[],"product_cat":[83],"product_tag":[99],"class_list":{"0":"post-5003","1":"product","2":"type-product","3":"status-publish","4":"has-post-thumbnail","6":"product_cat-ullarsokkar","7":"product_tag-framleitt-i-vik","9":"first","10":"instock","11":"featured","12":"taxable","13":"shipping-taxable","14":"purchasable","15":"product-type-variable"},"acf":[],"_links":{"self":[{"href":"https:\/\/woolkatla.com\/is\/wp-json\/wp\/v2\/product\/5003","targetHints":{"allow":["GET"]}}],"collection":[{"href":"https:\/\/woolkatla.com\/is\/wp-json\/wp\/v2\/product"}],"about":[{"href":"https:\/\/woolkatla.com\/is\/wp-json\/wp\/v2\/types\/product"}],"replies":[{"embeddable":true,"href":"https:\/\/woolkatla.com\/is\/wp-json\/wp\/v2\/comments?post=5003"}],"version-history":[{"count":2,"href":"https:\/\/woolkatla.com\/is\/wp-json\/wp\/v2\/product\/5003\/revisions"}],"predecessor-version":[{"id":5014,"href":"https:\/\/woolkatla.com\/is\/wp-json\/wp\/v2\/product\/5003\/revisions\/5014"}],"wp:featuredmedia":[{"embeddable":true,"href":"https:\/\/woolkatla.com\/is\/wp-json\/wp\/v2\/media\/4614"}],"wp:attachment":[{"href":"https:\/\/woolkatla.com\/is\/wp-json\/wp\/v2\/media?parent=5003"}],"wp:term":[{"taxonomy":"product_brand","embeddable":true,"href":"https:\/\/woolkatla.com\/is\/wp-json\/wp\/v2\/product_brand?post=5003"},{"taxonomy":"product_cat","embeddable":true,"href":"https:\/\/woolkatla.com\/is\/wp-json\/wp\/v2\/product_cat?post=5003"},{"taxonomy":"product_tag","embeddable":true,"href":"https:\/\/woolkatla.com\/is\/wp-json\/wp\/v2\/product_tag?post=5003"}],"curies":[{"name":"wp","href":"https:\/\/api.w.org\/{rel}","templated":true}]}}