{"id":4915,"date":"2023-11-05T19:58:52","date_gmt":"2023-11-05T19:58:52","guid":{"rendered":"https:\/\/woolkatla.com\/?post_type=product&#038;p=4915"},"modified":"2025-11-30T14:50:20","modified_gmt":"2025-11-30T14:50:20","slug":"mjoll-sett","status":"publish","type":"product","link":"https:\/\/woolkatla.com\/is\/vara\/mjoll-sett\/","title":{"rendered":"Mj\u00f6ll sett"},"content":{"rendered":"<p>Ennisband, vettlingar og trefill me\u00f0 einu af \u00feekktu norr\u00e6nu mynstrum \u2013<em> \u00e1ttbla\u00f0ar\u00f3sir<\/em> eru fullkomin gj\u00f6f, fyrir komandi kulda daga. Prj\u00f3nu\u00f0 \u00far \u00edslenskri ull (n\u00fd ull).<\/p>\n<ul>\n<li>\u00cdslensk framlei\u00f0sla<\/li>\n<li>100% \u00edslenskri ull<\/li>\n<li>\u00ddf\u00f0 ull<\/li>\n<li>Hand\u00fevottur<\/li>\n<\/ul>\n","protected":false},"excerpt":{"rendered":"<p>Ennisband er prj\u00f3na\u00f0 \u00far \u00edslenskri ull. \u00cd innra lagi h\u00fafunnar er mj\u00fak b\u00f3mull sem hentar \u00feannig vel f\u00f3lki me\u00f0 vi\u00f0kv\u00e6ma h\u00fa\u00f0.<\/p>\n<p>Hl\u00fdr ullartrefill \u00far 100% hreinni n\u00fdrri ull. Lengd: 180 cm, breidd: 30 cm.<\/p>\n<p>Fl\u00edsf\u00f3\u00f0ra\u00f0ir hl\u00fdir vettlingar. 100% hrein n\u00fd ull (\u00edslensk ull).<\/p>\n","protected":false},"featured_media":4921,"comment_status":"open","ping_status":"closed","template":"","meta":{"_acf_changed":false},"product_brand":[],"product_cat":[59,76,101,104,61],"product_tag":[99,88,95,91],"class_list":{"0":"post-4915","1":"product","2":"type-product","3":"status-publish","4":"has-post-thumbnail","6":"product_cat-hufur-og-ennisbond","7":"product_cat-jol","8":"product_cat-treflar-sjol","9":"product_cat-ullarsett","10":"product_cat-vettlingar","11":"product_tag-framleitt-i-vik","12":"product_tag-islensk-ull","13":"product_tag-norraent-mynstur","14":"product_tag-ullarvorur","16":"first","17":"instock","18":"taxable","19":"shipping-taxable","20":"purchasable","21":"product-type-simple"},"acf":[],"_links":{"self":[{"href":"https:\/\/woolkatla.com\/is\/wp-json\/wp\/v2\/product\/4915","targetHints":{"allow":["GET"]}}],"collection":[{"href":"https:\/\/woolkatla.com\/is\/wp-json\/wp\/v2\/product"}],"about":[{"href":"https:\/\/woolkatla.com\/is\/wp-json\/wp\/v2\/types\/product"}],"replies":[{"embeddable":true,"href":"https:\/\/woolkatla.com\/is\/wp-json\/wp\/v2\/comments?post=4915"}],"version-history":[{"count":1,"href":"https:\/\/woolkatla.com\/is\/wp-json\/wp\/v2\/product\/4915\/revisions"}],"predecessor-version":[{"id":4923,"href":"https:\/\/woolkatla.com\/is\/wp-json\/wp\/v2\/product\/4915\/revisions\/4923"}],"wp:featuredmedia":[{"embeddable":true,"href":"https:\/\/woolkatla.com\/is\/wp-json\/wp\/v2\/media\/4921"}],"wp:attachment":[{"href":"https:\/\/woolkatla.com\/is\/wp-json\/wp\/v2\/media?parent=4915"}],"wp:term":[{"taxonomy":"product_brand","embeddable":true,"href":"https:\/\/woolkatla.com\/is\/wp-json\/wp\/v2\/product_brand?post=4915"},{"taxonomy":"product_cat","embeddable":true,"href":"https:\/\/woolkatla.com\/is\/wp-json\/wp\/v2\/product_cat?post=4915"},{"taxonomy":"product_tag","embeddable":true,"href":"https:\/\/woolkatla.com\/is\/wp-json\/wp\/v2\/product_tag?post=4915"}],"curies":[{"name":"wp","href":"https:\/\/api.w.org\/{rel}","templated":true}]}}