{"id":4809,"date":"2023-08-28T11:07:59","date_gmt":"2023-08-28T11:07:59","guid":{"rendered":"https:\/\/woolkatla.com\/?post_type=product&#038;p=4809"},"modified":"2023-10-27T22:16:20","modified_gmt":"2023-10-27T22:16:20","slug":"peysa-askja","status":"publish","type":"product","link":"https:\/\/woolkatla.com\/is\/vara\/peysa-askja\/","title":{"rendered":"Peysa Askja"},"content":{"rendered":"<ul>\n<li>\u00cdslensk framlei\u00f0sla, framleidd \u00ed\u00a0 V\u00edk<\/li>\n<li>100%\u00a0 \u00edslenskri ull\/l\u00e9ttlopi<\/li>\n<li>Hand\u00fevottur<\/li>\n<\/ul>\n","protected":false},"excerpt":{"rendered":"<p>\u00cdslensk framlei\u00f0sla, framleidd \u00ed\u00a0 V\u00edk 100%\u00a0 \u00edslenskri ull\/l\u00e9ttlopi Hand\u00fevottur<\/p>\n","protected":false},"featured_media":4588,"comment_status":"open","ping_status":"closed","template":"","meta":{"_acf_changed":false},"product_brand":[],"product_cat":[81],"product_tag":[],"class_list":{"0":"post-4809","1":"product","2":"type-product","3":"status-publish","4":"has-post-thumbnail","6":"product_cat-sweater-is","8":"first","9":"instock","10":"taxable","11":"shipping-taxable","12":"purchasable","13":"product-type-variable","14":"has-default-attributes"},"acf":[],"_links":{"self":[{"href":"https:\/\/woolkatla.com\/is\/wp-json\/wp\/v2\/product\/4809","targetHints":{"allow":["GET"]}}],"collection":[{"href":"https:\/\/woolkatla.com\/is\/wp-json\/wp\/v2\/product"}],"about":[{"href":"https:\/\/woolkatla.com\/is\/wp-json\/wp\/v2\/types\/product"}],"replies":[{"embeddable":true,"href":"https:\/\/woolkatla.com\/is\/wp-json\/wp\/v2\/comments?post=4809"}],"version-history":[{"count":3,"href":"https:\/\/woolkatla.com\/is\/wp-json\/wp\/v2\/product\/4809\/revisions"}],"predecessor-version":[{"id":4871,"href":"https:\/\/woolkatla.com\/is\/wp-json\/wp\/v2\/product\/4809\/revisions\/4871"}],"wp:featuredmedia":[{"embeddable":true,"href":"https:\/\/woolkatla.com\/is\/wp-json\/wp\/v2\/media\/4588"}],"wp:attachment":[{"href":"https:\/\/woolkatla.com\/is\/wp-json\/wp\/v2\/media?parent=4809"}],"wp:term":[{"taxonomy":"product_brand","embeddable":true,"href":"https:\/\/woolkatla.com\/is\/wp-json\/wp\/v2\/product_brand?post=4809"},{"taxonomy":"product_cat","embeddable":true,"href":"https:\/\/woolkatla.com\/is\/wp-json\/wp\/v2\/product_cat?post=4809"},{"taxonomy":"product_tag","embeddable":true,"href":"https:\/\/woolkatla.com\/is\/wp-json\/wp\/v2\/product_tag?post=4809"}],"curies":[{"name":"wp","href":"https:\/\/api.w.org\/{rel}","templated":true}]}}