{"id":4476,"date":"2023-01-08T19:15:31","date_gmt":"2023-01-08T19:15:31","guid":{"rendered":"https:\/\/woolkatla.com\/product\/joka-poncho-copy\/"},"modified":"2025-11-30T15:32:43","modified_gmt":"2025-11-30T15:32:43","slug":"joka-poncho-copy","status":"publish","type":"product","link":"https:\/\/woolkatla.com\/is\/vara\/joka-poncho-copy\/","title":{"rendered":"Peysa M\u00fdrdal"},"content":{"rendered":"<ul>\n<li>St\u00e6r\u00f0\u00a0 \u00a0XL<\/li>\n<li>Made in Iceland, made in V\u00edk<\/li>\n<li>100% Icelandic wool\/l\u00e9ttlopi<\/li>\n<li>Mj\u00fak og \u00fe\u00e6gileg peysa sem heldur hita jafnvel \u00feegar h\u00fan blotnar<\/li>\n<li>Unisex sni\u00f0<\/li>\n<li>Hand wash<\/li>\n<\/ul>\n","protected":false},"excerpt":{"rendered":"<p>\u201eM\u00fdrdal\u201c peysan er innbl\u00e1sin af st\u00f3rbrotnu landslagi M\u00fdrdalssveitar \u2014 mosavaxnum hraunum, sv\u00f6rtum sandi og k\u00f6ldum t\u00f3num M\u00fdrdalsj\u00f6kuls.<\/p>\n<p>\u00dar hreinni \u00edslenskri ull, \u00feessi peysa er einstaklega hl\u00fd, l\u00e9tt, andar vel og er n\u00e1tt\u00farulega rakav\u00f6rn \u2014 fullkomin fyrir \u00edslenskan vetur og krefjandi ve\u00f0urfar.<\/p>\n<p>Tilvalin fyrir alla sem kunna a\u00f0 meta \u00edslenska n\u00e1tt\u00faru, g\u00e6\u00f0i og ekta handverk.<\/p>\n","protected":false},"featured_media":4475,"comment_status":"open","ping_status":"closed","template":"","meta":{"_acf_changed":false},"product_brand":[],"product_cat":[81],"product_tag":[],"class_list":{"0":"post-4476","1":"product","2":"type-product","3":"status-publish","4":"has-post-thumbnail","6":"product_cat-sweater-is","8":"first","9":"instock","10":"taxable","11":"shipping-taxable","12":"purchasable","13":"product-type-variable"},"acf":[],"_links":{"self":[{"href":"https:\/\/woolkatla.com\/is\/wp-json\/wp\/v2\/product\/4476","targetHints":{"allow":["GET"]}}],"collection":[{"href":"https:\/\/woolkatla.com\/is\/wp-json\/wp\/v2\/product"}],"about":[{"href":"https:\/\/woolkatla.com\/is\/wp-json\/wp\/v2\/types\/product"}],"replies":[{"embeddable":true,"href":"https:\/\/woolkatla.com\/is\/wp-json\/wp\/v2\/comments?post=4476"}],"version-history":[{"count":4,"href":"https:\/\/woolkatla.com\/is\/wp-json\/wp\/v2\/product\/4476\/revisions"}],"predecessor-version":[{"id":5703,"href":"https:\/\/woolkatla.com\/is\/wp-json\/wp\/v2\/product\/4476\/revisions\/5703"}],"wp:featuredmedia":[{"embeddable":true,"href":"https:\/\/woolkatla.com\/is\/wp-json\/wp\/v2\/media\/4475"}],"wp:attachment":[{"href":"https:\/\/woolkatla.com\/is\/wp-json\/wp\/v2\/media?parent=4476"}],"wp:term":[{"taxonomy":"product_brand","embeddable":true,"href":"https:\/\/woolkatla.com\/is\/wp-json\/wp\/v2\/product_brand?post=4476"},{"taxonomy":"product_cat","embeddable":true,"href":"https:\/\/woolkatla.com\/is\/wp-json\/wp\/v2\/product_cat?post=4476"},{"taxonomy":"product_tag","embeddable":true,"href":"https:\/\/woolkatla.com\/is\/wp-json\/wp\/v2\/product_tag?post=4476"}],"curies":[{"name":"wp","href":"https:\/\/api.w.org\/{rel}","templated":true}]}}