{"id":4288,"date":"2022-04-14T20:13:45","date_gmt":"2022-04-14T20:13:45","guid":{"rendered":"https:\/\/woolkatla.com\/product\/frey-ullarhufa\/"},"modified":"2023-12-14T16:20:58","modified_gmt":"2023-12-14T16:20:58","slug":"freyr-ullarhufa","status":"publish","type":"product","link":"https:\/\/woolkatla.com\/is\/vara\/freyr-ullarhufa\/","title":{"rendered":"Freyr &#8211; ullarh\u00fafa"},"content":{"rendered":"<ul>\n<li>\u00cdslensk framlei\u00f0sla<\/li>\n<li>Ein st\u00e6r\u00f0<\/li>\n<li>\u00cdslenskri ull<\/li>\n<li>B\u00f3mull eru fr\u00f3\u00f0nu\u00f0 stroff<\/li>\n<li>Hand\u00fevottur<\/li>\n<\/ul>\n","protected":false},"excerpt":{"rendered":"<p>Hl\u00fd h\u00fafa me\u00f0 tveimur litum er prj\u00f3nu\u00f0 \u00ed stroffprj\u00f3ni. H\u00fafan er ger\u00f0 \u00far einbandi. \u00cd innra lagi h\u00fafunnar er mj\u00fak b\u00f3mull sem er g\u00f3\u00f0 fyrir f\u00f3lk me\u00f0 vi\u00f0kv\u00e6ma h\u00fa\u00f0. H\u00fafa er me\u00f0 upp\u00e1broti, einnig me\u00f0 stroffprj\u00f3ni.<\/p>\n","protected":false},"featured_media":4295,"comment_status":"open","ping_status":"closed","template":"","meta":{"_acf_changed":false},"product_brand":[],"product_cat":[59],"product_tag":[99,88,91],"class_list":{"0":"post-4288","1":"product","2":"type-product","3":"status-publish","4":"has-post-thumbnail","6":"product_cat-hufur-og-ennisbond","7":"product_tag-framleitt-i-vik","8":"product_tag-islensk-ull","9":"product_tag-ullarvorur","11":"first","12":"instock","13":"taxable","14":"shipping-taxable","15":"purchasable","16":"product-type-variable"},"acf":[],"_links":{"self":[{"href":"https:\/\/woolkatla.com\/is\/wp-json\/wp\/v2\/product\/4288","targetHints":{"allow":["GET"]}}],"collection":[{"href":"https:\/\/woolkatla.com\/is\/wp-json\/wp\/v2\/product"}],"about":[{"href":"https:\/\/woolkatla.com\/is\/wp-json\/wp\/v2\/types\/product"}],"replies":[{"embeddable":true,"href":"https:\/\/woolkatla.com\/is\/wp-json\/wp\/v2\/comments?post=4288"}],"version-history":[{"count":5,"href":"https:\/\/woolkatla.com\/is\/wp-json\/wp\/v2\/product\/4288\/revisions"}],"predecessor-version":[{"id":4499,"href":"https:\/\/woolkatla.com\/is\/wp-json\/wp\/v2\/product\/4288\/revisions\/4499"}],"wp:featuredmedia":[{"embeddable":true,"href":"https:\/\/woolkatla.com\/is\/wp-json\/wp\/v2\/media\/4295"}],"wp:attachment":[{"href":"https:\/\/woolkatla.com\/is\/wp-json\/wp\/v2\/media?parent=4288"}],"wp:term":[{"taxonomy":"product_brand","embeddable":true,"href":"https:\/\/woolkatla.com\/is\/wp-json\/wp\/v2\/product_brand?post=4288"},{"taxonomy":"product_cat","embeddable":true,"href":"https:\/\/woolkatla.com\/is\/wp-json\/wp\/v2\/product_cat?post=4288"},{"taxonomy":"product_tag","embeddable":true,"href":"https:\/\/woolkatla.com\/is\/wp-json\/wp\/v2\/product_tag?post=4288"}],"curies":[{"name":"wp","href":"https:\/\/api.w.org\/{rel}","templated":true}]}}