{"id":3642,"date":"2021-11-30T21:11:33","date_gmt":"2021-11-30T21:11:33","guid":{"rendered":"https:\/\/woolkatla.com\/product\/jokull-sett-joklahufur-og-vettlingar\/"},"modified":"2025-11-30T14:52:32","modified_gmt":"2025-11-30T14:52:32","slug":"jokull-sett-joklahufur-og-vettlingar","status":"publish","type":"product","link":"https:\/\/woolkatla.com\/is\/vara\/jokull-sett-joklahufur-og-vettlingar\/","title":{"rendered":"J\u00f6kull sett"},"content":{"rendered":"<p>J\u00f6klah\u00fafur og vettlingar<\/p>\n<ul>\n<li>\u00cdslensk framlei\u00f0sla<\/li>\n<li>Ein st\u00e6r\u00f0<\/li>\n<li>100% \u00edslenskri ull<\/li>\n<li>100% b\u00f3mullarfr\u00f3\u00f0ur<\/li>\n<li>Gervid\u00faskur<\/li>\n<li>Hand\u00fevottur<\/li>\n<\/ul>\n","protected":false},"excerpt":{"rendered":"<p>Fallegir vettlingar og vetrarh\u00fafa me\u00f0 snj\u00f3kornamynstri er prj\u00f3nu\u00f0 \u00far hreinni \u00edslenskri ull. \u00cd innra lagi hennar er mj\u00fakur b\u00f3mullarfr\u00f3\u00f0ur sem hentar vel fyrir f\u00f3lki me\u00f0 vi\u00f0kv\u00e6ma h\u00fa\u00f0. Vetrarh\u00fafa er me\u00f0 upp\u00e1broti me\u00f0 stroffprj\u00f3ni og \u00e1 hana er sauma\u00f0 gervid\u00faskur.<\/p>\n<p>H\u00fafan hentar vel fyrir fullor\u00f0i\u00f0 f\u00f3lk jafnt sem b\u00f6rn.<\/p>\n","protected":false},"featured_media":3650,"comment_status":"open","ping_status":"closed","template":"","meta":{"_acf_changed":false},"product_brand":[],"product_cat":[59,76,104,61],"product_tag":[99,88,91],"class_list":{"0":"post-3642","1":"product","2":"type-product","3":"status-publish","4":"has-post-thumbnail","6":"product_cat-hufur-og-ennisbond","7":"product_cat-jol","8":"product_cat-ullarsett","9":"product_cat-vettlingar","10":"product_tag-framleitt-i-vik","11":"product_tag-islensk-ull","12":"product_tag-ullarvorur","14":"first","15":"instock","16":"taxable","17":"shipping-taxable","18":"purchasable","19":"product-type-simple"},"acf":[],"_links":{"self":[{"href":"https:\/\/woolkatla.com\/is\/wp-json\/wp\/v2\/product\/3642","targetHints":{"allow":["GET"]}}],"collection":[{"href":"https:\/\/woolkatla.com\/is\/wp-json\/wp\/v2\/product"}],"about":[{"href":"https:\/\/woolkatla.com\/is\/wp-json\/wp\/v2\/types\/product"}],"replies":[{"embeddable":true,"href":"https:\/\/woolkatla.com\/is\/wp-json\/wp\/v2\/comments?post=3642"}],"version-history":[{"count":2,"href":"https:\/\/woolkatla.com\/is\/wp-json\/wp\/v2\/product\/3642\/revisions"}],"predecessor-version":[{"id":3818,"href":"https:\/\/woolkatla.com\/is\/wp-json\/wp\/v2\/product\/3642\/revisions\/3818"}],"wp:featuredmedia":[{"embeddable":true,"href":"https:\/\/woolkatla.com\/is\/wp-json\/wp\/v2\/media\/3650"}],"wp:attachment":[{"href":"https:\/\/woolkatla.com\/is\/wp-json\/wp\/v2\/media?parent=3642"}],"wp:term":[{"taxonomy":"product_brand","embeddable":true,"href":"https:\/\/woolkatla.com\/is\/wp-json\/wp\/v2\/product_brand?post=3642"},{"taxonomy":"product_cat","embeddable":true,"href":"https:\/\/woolkatla.com\/is\/wp-json\/wp\/v2\/product_cat?post=3642"},{"taxonomy":"product_tag","embeddable":true,"href":"https:\/\/woolkatla.com\/is\/wp-json\/wp\/v2\/product_tag?post=3642"}],"curies":[{"name":"wp","href":"https:\/\/api.w.org\/{rel}","templated":true}]}}