{"id":3589,"date":"2021-11-25T16:46:52","date_gmt":"2021-11-25T16:46:52","guid":{"rendered":"https:\/\/woolkatla.com\/product\/snjokorn-duskhufa\/"},"modified":"2023-03-31T13:25:20","modified_gmt":"2023-03-31T13:25:20","slug":"snjokorn-duskhufa","status":"publish","type":"product","link":"https:\/\/woolkatla.com\/is\/vara\/snjokorn-duskhufa\/","title":{"rendered":"Snj\u00f3korn \u2013 d\u00faskh\u00fafa"},"content":{"rendered":"<p>H\u00fafan hentar vel fyrir fullor\u00f0i\u00f0 f\u00f3lk jafnt sem b\u00f6rn.<\/p>\n<ul>\n<li>\u00cdslensk framlei\u00f0sla<\/li>\n<li>Ein st\u00e6r\u00f0<\/li>\n<li>100% \u00edslenskri ull<\/li>\n<li>B\u00f3mull eru fr\u00f3\u00f0nu\u00f0 stroff<\/li>\n<li>Gervid\u00faskur<\/li>\n<li>Hand\u00fevottur<\/li>\n<\/ul>\n","protected":false},"excerpt":{"rendered":"<p>Falleg vetrarh\u00fafa me\u00f0 snj\u00f3kornamynstri er prj\u00f3nu\u00f0 \u00far hreinni \u00edslenskri ull.<\/p>\n<p>\u00cd innra lagi hennar er mj\u00fakur b\u00f3mullarfr\u00f3\u00f0ur sem hentar vel fyrir f\u00f3lki me\u00f0 vi\u00f0kv\u00e6ma h\u00fa\u00f0. Vetrarh\u00fafa er me\u00f0 upp\u00e1broti me\u00f0 stroffprj\u00f3ni og \u00e1 hana er sauma\u00f0 gervid\u00faskur.<\/p>\n","protected":false},"featured_media":3392,"comment_status":"open","ping_status":"closed","template":"","meta":{"_acf_changed":false},"product_brand":[],"product_cat":[59],"product_tag":[99,88,91],"class_list":{"0":"post-3589","1":"product","2":"type-product","3":"status-publish","4":"has-post-thumbnail","6":"product_cat-hufur-og-ennisbond","7":"product_tag-framleitt-i-vik","8":"product_tag-islensk-ull","9":"product_tag-ullarvorur","11":"first","12":"instock","13":"taxable","14":"shipping-taxable","15":"purchasable","16":"product-type-simple"},"acf":[],"_links":{"self":[{"href":"https:\/\/woolkatla.com\/is\/wp-json\/wp\/v2\/product\/3589","targetHints":{"allow":["GET"]}}],"collection":[{"href":"https:\/\/woolkatla.com\/is\/wp-json\/wp\/v2\/product"}],"about":[{"href":"https:\/\/woolkatla.com\/is\/wp-json\/wp\/v2\/types\/product"}],"replies":[{"embeddable":true,"href":"https:\/\/woolkatla.com\/is\/wp-json\/wp\/v2\/comments?post=3589"}],"version-history":[{"count":2,"href":"https:\/\/woolkatla.com\/is\/wp-json\/wp\/v2\/product\/3589\/revisions"}],"predecessor-version":[{"id":4501,"href":"https:\/\/woolkatla.com\/is\/wp-json\/wp\/v2\/product\/3589\/revisions\/4501"}],"wp:featuredmedia":[{"embeddable":true,"href":"https:\/\/woolkatla.com\/is\/wp-json\/wp\/v2\/media\/3392"}],"wp:attachment":[{"href":"https:\/\/woolkatla.com\/is\/wp-json\/wp\/v2\/media?parent=3589"}],"wp:term":[{"taxonomy":"product_brand","embeddable":true,"href":"https:\/\/woolkatla.com\/is\/wp-json\/wp\/v2\/product_brand?post=3589"},{"taxonomy":"product_cat","embeddable":true,"href":"https:\/\/woolkatla.com\/is\/wp-json\/wp\/v2\/product_cat?post=3589"},{"taxonomy":"product_tag","embeddable":true,"href":"https:\/\/woolkatla.com\/is\/wp-json\/wp\/v2\/product_tag?post=3589"}],"curies":[{"name":"wp","href":"https:\/\/api.w.org\/{rel}","templated":true}]}}