{"id":2867,"date":"2021-11-02T21:46:24","date_gmt":"2021-11-02T21:46:24","guid":{"rendered":"https:\/\/woolkatla.com\/product\/volva-legghlifar\/"},"modified":"2024-04-07T17:44:27","modified_gmt":"2024-04-07T17:44:27","slug":"volva-legghlifar","status":"publish","type":"product","link":"https:\/\/woolkatla.com\/is\/vara\/volva-legghlifar\/","title":{"rendered":"V\u00f6lva \u2013 legghl\u00edfar"},"content":{"rendered":"<ul>\n<li>\u00cdslensk framlei\u00f0sla<\/li>\n<li>Ein st\u00e6r\u00f0<\/li>\n<li>100% \u00edslenskri ull<\/li>\n<li>Hn\u00e9h\u00e1ar<\/li>\n<li>Hand\u00fevottur<\/li>\n<\/ul>\n","protected":false},"excerpt":{"rendered":"<p>Hl\u00fdar og fallegar legghl\u00edfar me\u00f0 ka\u00f0laprj\u00f3ni eru prj\u00f3na\u00f0ar \u00far \u00edslenskri ull. \u00de\u00e6r eru g\u00f3\u00f0ar til a\u00f0 halda hita \u00e1 f\u00f3tum og koma a\u00f0 g\u00f3\u00f0um notkum \u00ed kuldum d\u00f6gum.<\/p>\n","protected":false},"featured_media":2860,"comment_status":"open","ping_status":"closed","template":"","meta":{"_acf_changed":false},"product_brand":[],"product_cat":[73],"product_tag":[99,88,91],"class_list":{"0":"post-2867","1":"product","2":"type-product","3":"status-publish","4":"has-post-thumbnail","6":"product_cat-legghlifar","7":"product_tag-framleitt-i-vik","8":"product_tag-islensk-ull","9":"product_tag-ullarvorur","11":"first","12":"instock","13":"taxable","14":"shipping-taxable","15":"purchasable","16":"product-type-variable"},"acf":[],"_links":{"self":[{"href":"https:\/\/woolkatla.com\/is\/wp-json\/wp\/v2\/product\/2867","targetHints":{"allow":["GET"]}}],"collection":[{"href":"https:\/\/woolkatla.com\/is\/wp-json\/wp\/v2\/product"}],"about":[{"href":"https:\/\/woolkatla.com\/is\/wp-json\/wp\/v2\/types\/product"}],"replies":[{"embeddable":true,"href":"https:\/\/woolkatla.com\/is\/wp-json\/wp\/v2\/comments?post=2867"}],"version-history":[{"count":2,"href":"https:\/\/woolkatla.com\/is\/wp-json\/wp\/v2\/product\/2867\/revisions"}],"predecessor-version":[{"id":3418,"href":"https:\/\/woolkatla.com\/is\/wp-json\/wp\/v2\/product\/2867\/revisions\/3418"}],"wp:featuredmedia":[{"embeddable":true,"href":"https:\/\/woolkatla.com\/is\/wp-json\/wp\/v2\/media\/2860"}],"wp:attachment":[{"href":"https:\/\/woolkatla.com\/is\/wp-json\/wp\/v2\/media?parent=2867"}],"wp:term":[{"taxonomy":"product_brand","embeddable":true,"href":"https:\/\/woolkatla.com\/is\/wp-json\/wp\/v2\/product_brand?post=2867"},{"taxonomy":"product_cat","embeddable":true,"href":"https:\/\/woolkatla.com\/is\/wp-json\/wp\/v2\/product_cat?post=2867"},{"taxonomy":"product_tag","embeddable":true,"href":"https:\/\/woolkatla.com\/is\/wp-json\/wp\/v2\/product_tag?post=2867"}],"curies":[{"name":"wp","href":"https:\/\/api.w.org\/{rel}","templated":true}]}}