{"id":2773,"date":"2021-11-02T00:59:30","date_gmt":"2021-11-02T00:59:30","guid":{"rendered":"https:\/\/woolkatla.com\/product\/vegvisir-ullarteppi\/"},"modified":"2022-11-28T00:12:33","modified_gmt":"2022-11-28T00:12:33","slug":"vegvisir-ullarteppi","status":"publish","type":"product","link":"https:\/\/woolkatla.com\/is\/vara\/vegvisir-ullarteppi\/","title":{"rendered":"Vegv\u00edsir \u2013 ullarteppi"},"content":{"rendered":"<ul>\n<li>\u00cdslensk framlei\u00f0sla<\/li>\n<li>100% \u00edslenskri ull<\/li>\n<li>\u00ddf\u00f0 ull<\/li>\n<li>Hand\u00fevottur<\/li>\n<\/ul>\n","protected":false},"excerpt":{"rendered":"<p>Ullarteppi me\u00f0 t\u00e1kn Vegv\u00edsis og V\u00edkingaskipi. Prj\u00f3na\u00f0 \u00far 100% \u00edslenskri ull. Besta efni\u00f0 sem veitir vernd \u00e1 hvassvi\u00f0ras\u00f6mu og rigningu hausti og gefur st\u00f3ran skammt af hl\u00fdju \u00e1 l\u00f6ngum vetrarkv\u00f6ldum.<\/p>\n","protected":false},"featured_media":2772,"comment_status":"open","ping_status":"closed","template":"","meta":{"_acf_changed":false},"product_brand":[],"product_cat":[63],"product_tag":[],"class_list":{"0":"post-2773","1":"product","2":"type-product","3":"status-publish","4":"has-post-thumbnail","6":"product_cat-ullarteppi","8":"first","9":"instock","10":"taxable","11":"shipping-taxable","12":"purchasable","13":"product-type-variable"},"acf":[],"_links":{"self":[{"href":"https:\/\/woolkatla.com\/is\/wp-json\/wp\/v2\/product\/2773","targetHints":{"allow":["GET"]}}],"collection":[{"href":"https:\/\/woolkatla.com\/is\/wp-json\/wp\/v2\/product"}],"about":[{"href":"https:\/\/woolkatla.com\/is\/wp-json\/wp\/v2\/types\/product"}],"replies":[{"embeddable":true,"href":"https:\/\/woolkatla.com\/is\/wp-json\/wp\/v2\/comments?post=2773"}],"version-history":[{"count":1,"href":"https:\/\/woolkatla.com\/is\/wp-json\/wp\/v2\/product\/2773\/revisions"}],"predecessor-version":[{"id":3545,"href":"https:\/\/woolkatla.com\/is\/wp-json\/wp\/v2\/product\/2773\/revisions\/3545"}],"wp:featuredmedia":[{"embeddable":true,"href":"https:\/\/woolkatla.com\/is\/wp-json\/wp\/v2\/media\/2772"}],"wp:attachment":[{"href":"https:\/\/woolkatla.com\/is\/wp-json\/wp\/v2\/media?parent=2773"}],"wp:term":[{"taxonomy":"product_brand","embeddable":true,"href":"https:\/\/woolkatla.com\/is\/wp-json\/wp\/v2\/product_brand?post=2773"},{"taxonomy":"product_cat","embeddable":true,"href":"https:\/\/woolkatla.com\/is\/wp-json\/wp\/v2\/product_cat?post=2773"},{"taxonomy":"product_tag","embeddable":true,"href":"https:\/\/woolkatla.com\/is\/wp-json\/wp\/v2\/product_tag?post=2773"}],"curies":[{"name":"wp","href":"https:\/\/api.w.org\/{rel}","templated":true}]}}