{"id":2703,"date":"2021-11-01T09:17:21","date_gmt":"2021-11-01T09:17:21","guid":{"rendered":"https:\/\/woolkatla.com\/?post_type=product&#038;p=2703"},"modified":"2024-11-23T18:13:55","modified_gmt":"2024-11-23T18:13:55","slug":"puffin-vettlingar","status":"publish","type":"product","link":"https:\/\/woolkatla.com\/is\/vara\/puffin-vettlingar\/","title":{"rendered":"Puffin \u2013 vettlingar"},"content":{"rendered":"<ul>\n<li>\u00cdslensk framlei\u00f0sla<\/li>\n<li>Ein st\u00e6r\u00f0<\/li>\n<li>100% \u00edslenskri ull<\/li>\n<li>\u00ddf\u00f0 ull<\/li>\n<li>Hand\u00fevottur<\/li>\n<li>Ein st\u00e6r\u00f0<\/li>\n<\/ul>\n","protected":false},"excerpt":{"rendered":"<p>Vettlingar me\u00f0 lundamunstri. Prj\u00f3na\u00f0 \u00far 100% \u00edslenskri ull.<\/p>\n","protected":false},"featured_media":2706,"comment_status":"open","ping_status":"closed","template":"","meta":{"_acf_changed":false},"product_brand":[],"product_cat":[61],"product_tag":[],"class_list":{"0":"post-2703","1":"product","2":"type-product","3":"status-publish","4":"has-post-thumbnail","6":"product_cat-vettlingar","8":"first","9":"instock","10":"taxable","11":"shipping-taxable","12":"purchasable","13":"product-type-variable"},"acf":[],"_links":{"self":[{"href":"https:\/\/woolkatla.com\/is\/wp-json\/wp\/v2\/product\/2703","targetHints":{"allow":["GET"]}}],"collection":[{"href":"https:\/\/woolkatla.com\/is\/wp-json\/wp\/v2\/product"}],"about":[{"href":"https:\/\/woolkatla.com\/is\/wp-json\/wp\/v2\/types\/product"}],"replies":[{"embeddable":true,"href":"https:\/\/woolkatla.com\/is\/wp-json\/wp\/v2\/comments?post=2703"}],"version-history":[{"count":4,"href":"https:\/\/woolkatla.com\/is\/wp-json\/wp\/v2\/product\/2703\/revisions"}],"predecessor-version":[{"id":5326,"href":"https:\/\/woolkatla.com\/is\/wp-json\/wp\/v2\/product\/2703\/revisions\/5326"}],"wp:featuredmedia":[{"embeddable":true,"href":"https:\/\/woolkatla.com\/is\/wp-json\/wp\/v2\/media\/2706"}],"wp:attachment":[{"href":"https:\/\/woolkatla.com\/is\/wp-json\/wp\/v2\/media?parent=2703"}],"wp:term":[{"taxonomy":"product_brand","embeddable":true,"href":"https:\/\/woolkatla.com\/is\/wp-json\/wp\/v2\/product_brand?post=2703"},{"taxonomy":"product_cat","embeddable":true,"href":"https:\/\/woolkatla.com\/is\/wp-json\/wp\/v2\/product_cat?post=2703"},{"taxonomy":"product_tag","embeddable":true,"href":"https:\/\/woolkatla.com\/is\/wp-json\/wp\/v2\/product_tag?post=2703"}],"curies":[{"name":"wp","href":"https:\/\/api.w.org\/{rel}","templated":true}]}}