{"id":2568,"date":"2021-10-30T21:44:56","date_gmt":"2021-10-30T21:44:56","guid":{"rendered":"https:\/\/woolkatla.com\/product\/muli-duskahufa\/"},"modified":"2024-11-28T20:57:00","modified_gmt":"2024-11-28T20:57:00","slug":"muli-duskahufa","status":"publish","type":"product","link":"https:\/\/woolkatla.com\/is\/vara\/muli-duskahufa\/","title":{"rendered":"M\u00fali &#8211; d\u00faskh\u00fafa"},"content":{"rendered":"<ul>\n<li>\u00cdslensk framlei\u00f0sla<\/li>\n<li>Ein st\u00e6r\u00f0<\/li>\n<li>100% \u00edslenskri ull<\/li>\n<li>B\u00f3mull eru fr\u00f3\u00f0nu\u00f0 stroff<\/li>\n<li>Gervid\u00faskur &#8211; 17 cm<\/li>\n<li>Hand\u00fevottur<\/li>\n<li>Ein st\u00e6r\u00f0<\/li>\n<\/ul>\n","protected":false},"excerpt":{"rendered":"<p>Hl\u00fd og falleg h\u00fafa me\u00f0 ka\u00f0laprj\u00f3ni \u00far \u00edslenskri ull. \u00cd innra lagi hennar er mj\u00fak b\u00f3mull. \u00c1 h\u00fafuna er sauma\u00f0 d\u00faskur \u00far gervifeld. H\u00fafa me\u00f0 upp\u00e1broti me\u00f0 stroffprj\u00f3ni hentar vel fyrir kalda daga.<\/p>\n","protected":false},"featured_media":2566,"comment_status":"open","ping_status":"closed","template":"","meta":{"_acf_changed":false},"product_brand":[],"product_cat":[59],"product_tag":[],"class_list":{"0":"post-2568","1":"product","2":"type-product","3":"status-publish","4":"has-post-thumbnail","6":"product_cat-hufur-og-ennisbond","8":"first","9":"instock","10":"taxable","11":"shipping-taxable","12":"purchasable","13":"product-type-variable"},"acf":[],"_links":{"self":[{"href":"https:\/\/woolkatla.com\/is\/wp-json\/wp\/v2\/product\/2568","targetHints":{"allow":["GET"]}}],"collection":[{"href":"https:\/\/woolkatla.com\/is\/wp-json\/wp\/v2\/product"}],"about":[{"href":"https:\/\/woolkatla.com\/is\/wp-json\/wp\/v2\/types\/product"}],"replies":[{"embeddable":true,"href":"https:\/\/woolkatla.com\/is\/wp-json\/wp\/v2\/comments?post=2568"}],"version-history":[{"count":5,"href":"https:\/\/woolkatla.com\/is\/wp-json\/wp\/v2\/product\/2568\/revisions"}],"predecessor-version":[{"id":5348,"href":"https:\/\/woolkatla.com\/is\/wp-json\/wp\/v2\/product\/2568\/revisions\/5348"}],"wp:featuredmedia":[{"embeddable":true,"href":"https:\/\/woolkatla.com\/is\/wp-json\/wp\/v2\/media\/2566"}],"wp:attachment":[{"href":"https:\/\/woolkatla.com\/is\/wp-json\/wp\/v2\/media?parent=2568"}],"wp:term":[{"taxonomy":"product_brand","embeddable":true,"href":"https:\/\/woolkatla.com\/is\/wp-json\/wp\/v2\/product_brand?post=2568"},{"taxonomy":"product_cat","embeddable":true,"href":"https:\/\/woolkatla.com\/is\/wp-json\/wp\/v2\/product_cat?post=2568"},{"taxonomy":"product_tag","embeddable":true,"href":"https:\/\/woolkatla.com\/is\/wp-json\/wp\/v2\/product_tag?post=2568"}],"curies":[{"name":"wp","href":"https:\/\/api.w.org\/{rel}","templated":true}]}}