{"id":2515,"date":"2021-10-30T19:45:13","date_gmt":"2021-10-30T19:45:13","guid":{"rendered":"https:\/\/woolkatla.com\/product\/snjokorn-ullarhufasnjokorn-ullarhufa\/"},"modified":"2024-12-05T09:55:48","modified_gmt":"2024-12-05T09:55:48","slug":"snjokorn-ullarhufasnjokorn-ullarhufa","status":"publish","type":"product","link":"https:\/\/woolkatla.com\/is\/vara\/snjokorn-ullarhufasnjokorn-ullarhufa\/","title":{"rendered":"Snj\u00f3korn &#8211; ullarh\u00fafa"},"content":{"rendered":"<ul>\n<li>\u00cdslensk framlei\u00f0sla<\/li>\n<li>Ein st\u00e6r\u00f0<\/li>\n<li>\u00cdslenskri ull<\/li>\n<li>B\u00f3mull eru fr\u00f3\u00f0nu\u00f0 stroff<\/li>\n<li>Hand\u00fevottur<\/li>\n<\/ul>\n","protected":false},"excerpt":{"rendered":"<p>Falleg vetrarh\u00fafa me\u00f0 snj\u00f3kornamynstri er prj\u00f3nu\u00f0 \u00far hreinni \u00edslenskri ull. \u00cd innra lagi hennar er mj\u00fakur b\u00f3mullarfr\u00f3\u00f0ur sem hentar vel fyrir f\u00f3lki me\u00f0 vi\u00f0kv\u00e6ma h\u00fa\u00f0. Vetrarh\u00fafa er me\u00f0 upp\u00e1broti me\u00f0 stroffprj\u00f3ni.<\/p>\n<p>H\u00fafan hentar vel fyrir fullor\u00f0i\u00f0 f\u00f3lk jafnt sem b\u00f6rn.<\/p>\n","protected":false},"featured_media":3395,"comment_status":"open","ping_status":"closed","template":"","meta":{"_acf_changed":false},"product_brand":[],"product_cat":[59],"product_tag":[],"class_list":{"0":"post-2515","1":"product","2":"type-product","3":"status-publish","4":"has-post-thumbnail","6":"product_cat-hufur-og-ennisbond","8":"first","9":"instock","10":"taxable","11":"shipping-taxable","12":"purchasable","13":"product-type-simple"},"acf":[],"_links":{"self":[{"href":"https:\/\/woolkatla.com\/is\/wp-json\/wp\/v2\/product\/2515","targetHints":{"allow":["GET"]}}],"collection":[{"href":"https:\/\/woolkatla.com\/is\/wp-json\/wp\/v2\/product"}],"about":[{"href":"https:\/\/woolkatla.com\/is\/wp-json\/wp\/v2\/types\/product"}],"replies":[{"embeddable":true,"href":"https:\/\/woolkatla.com\/is\/wp-json\/wp\/v2\/comments?post=2515"}],"version-history":[{"count":3,"href":"https:\/\/woolkatla.com\/is\/wp-json\/wp\/v2\/product\/2515\/revisions"}],"predecessor-version":[{"id":4515,"href":"https:\/\/woolkatla.com\/is\/wp-json\/wp\/v2\/product\/2515\/revisions\/4515"}],"wp:featuredmedia":[{"embeddable":true,"href":"https:\/\/woolkatla.com\/is\/wp-json\/wp\/v2\/media\/3395"}],"wp:attachment":[{"href":"https:\/\/woolkatla.com\/is\/wp-json\/wp\/v2\/media?parent=2515"}],"wp:term":[{"taxonomy":"product_brand","embeddable":true,"href":"https:\/\/woolkatla.com\/is\/wp-json\/wp\/v2\/product_brand?post=2515"},{"taxonomy":"product_cat","embeddable":true,"href":"https:\/\/woolkatla.com\/is\/wp-json\/wp\/v2\/product_cat?post=2515"},{"taxonomy":"product_tag","embeddable":true,"href":"https:\/\/woolkatla.com\/is\/wp-json\/wp\/v2\/product_tag?post=2515"}],"curies":[{"name":"wp","href":"https:\/\/api.w.org\/{rel}","templated":true}]}}