{"id":2486,"date":"2019-06-21T06:13:11","date_gmt":"2019-06-21T06:13:11","guid":{"rendered":"https:\/\/woolkatla.com\/product\/snjokorn-ullarhufa\/"},"modified":"2025-01-10T16:09:34","modified_gmt":"2025-01-10T16:09:34","slug":"puffin-lundahufa","status":"publish","type":"product","link":"https:\/\/woolkatla.com\/is\/vara\/puffin-lundahufa\/","title":{"rendered":"Puffin &#8211; lundah\u00fafa"},"content":{"rendered":"<ul>\n<li>\u00cdslensk framlei\u00f0sla<\/li>\n<li>Ein st\u00e6r\u00f0<\/li>\n<li>100% \u00edslenskri ull<\/li>\n<li>B\u00f3mull eru fr\u00f3\u00f0nu\u00f0 stroff<\/li>\n<li>Gervid\u00faskur<\/li>\n<li>Hand\u00fevottur<\/li>\n<\/ul>\n","protected":false},"excerpt":{"rendered":"<p>Fallegt lundamynstur \u00ed ullarh\u00fafu me\u00f0 gervid\u00faski. Prj\u00f3na\u00f0 \u00far \u00edslenskri ull. \u00cd innra lagi h\u00fafunnar er mj\u00fak b\u00f3mull sem hentar \u00feannig vel f\u00f3lki me\u00f0 vi\u00f0kv\u00e6ma h\u00fa\u00f0.<br \/>\nH\u00fafan hentar vel fyrir fullor\u00f0i\u00f0 f\u00f3lk jafnt sem b\u00f6rn.<\/p>\n","protected":false},"featured_media":4227,"comment_status":"open","ping_status":"closed","template":"","meta":{"_acf_changed":false},"product_brand":[],"product_cat":[59],"product_tag":[],"class_list":{"0":"post-2486","1":"product","2":"type-product","3":"status-publish","4":"has-post-thumbnail","6":"product_cat-hufur-og-ennisbond","8":"first","9":"instock","10":"taxable","11":"shipping-taxable","12":"purchasable","13":"product-type-variable"},"acf":[],"_links":{"self":[{"href":"https:\/\/woolkatla.com\/is\/wp-json\/wp\/v2\/product\/2486","targetHints":{"allow":["GET"]}}],"collection":[{"href":"https:\/\/woolkatla.com\/is\/wp-json\/wp\/v2\/product"}],"about":[{"href":"https:\/\/woolkatla.com\/is\/wp-json\/wp\/v2\/types\/product"}],"replies":[{"embeddable":true,"href":"https:\/\/woolkatla.com\/is\/wp-json\/wp\/v2\/comments?post=2486"}],"version-history":[{"count":2,"href":"https:\/\/woolkatla.com\/is\/wp-json\/wp\/v2\/product\/2486\/revisions"}],"predecessor-version":[{"id":4517,"href":"https:\/\/woolkatla.com\/is\/wp-json\/wp\/v2\/product\/2486\/revisions\/4517"}],"wp:featuredmedia":[{"embeddable":true,"href":"https:\/\/woolkatla.com\/is\/wp-json\/wp\/v2\/media\/4227"}],"wp:attachment":[{"href":"https:\/\/woolkatla.com\/is\/wp-json\/wp\/v2\/media?parent=2486"}],"wp:term":[{"taxonomy":"product_brand","embeddable":true,"href":"https:\/\/woolkatla.com\/is\/wp-json\/wp\/v2\/product_brand?post=2486"},{"taxonomy":"product_cat","embeddable":true,"href":"https:\/\/woolkatla.com\/is\/wp-json\/wp\/v2\/product_cat?post=2486"},{"taxonomy":"product_tag","embeddable":true,"href":"https:\/\/woolkatla.com\/is\/wp-json\/wp\/v2\/product_tag?post=2486"}],"curies":[{"name":"wp","href":"https:\/\/api.w.org\/{rel}","templated":true}]}}