{"id":3485,"date":"2021-11-25T23:23:17","date_gmt":"2021-11-25T23:23:17","guid":{"rendered":"https:\/\/woolkatla.com\/sendingarmati\/"},"modified":"2023-09-13T08:58:20","modified_gmt":"2023-09-13T08:58:20","slug":"sendingarmati","status":"publish","type":"page","link":"https:\/\/woolkatla.com\/is\/sendingarmati\/","title":{"rendered":"Sendingarm\u00e1ti"},"content":{"rendered":"\t\t<div data-elementor-type=\"wp-page\" data-elementor-id=\"3485\" class=\"elementor elementor-3485 elementor-3461\">\n\t\t\t\t\t\t<section class=\"elementor-section elementor-top-section elementor-element elementor-element-5f37a33c elementor-section-boxed elementor-section-height-default elementor-section-height-default\" data-id=\"5f37a33c\" data-element_type=\"section\" data-e-type=\"section\" data-settings=\"{&quot;jet_parallax_layout_list&quot;:[{&quot;jet_parallax_layout_image&quot;:{&quot;url&quot;:&quot;&quot;,&quot;id&quot;:&quot;&quot;,&quot;size&quot;:&quot;&quot;},&quot;_id&quot;:&quot;d825631&quot;,&quot;jet_parallax_layout_image_tablet&quot;:{&quot;url&quot;:&quot;&quot;,&quot;id&quot;:&quot;&quot;,&quot;size&quot;:&quot;&quot;},&quot;jet_parallax_layout_image_mobile&quot;:{&quot;url&quot;:&quot;&quot;,&quot;id&quot;:&quot;&quot;,&quot;size&quot;:&quot;&quot;},&quot;jet_parallax_layout_speed&quot;:{&quot;unit&quot;:&quot;%&quot;,&quot;size&quot;:50,&quot;sizes&quot;:[]},&quot;jet_parallax_layout_type&quot;:&quot;scroll&quot;,&quot;jet_parallax_layout_direction&quot;:&quot;1&quot;,&quot;jet_parallax_layout_fx_direction&quot;:null,&quot;jet_parallax_layout_z_index&quot;:&quot;&quot;,&quot;jet_parallax_layout_bg_x&quot;:50,&quot;jet_parallax_layout_bg_x_tablet&quot;:&quot;&quot;,&quot;jet_parallax_layout_bg_x_mobile&quot;:&quot;&quot;,&quot;jet_parallax_layout_bg_y&quot;:50,&quot;jet_parallax_layout_bg_y_tablet&quot;:&quot;&quot;,&quot;jet_parallax_layout_bg_y_mobile&quot;:&quot;&quot;,&quot;jet_parallax_layout_bg_size&quot;:&quot;auto&quot;,&quot;jet_parallax_layout_bg_size_tablet&quot;:&quot;&quot;,&quot;jet_parallax_layout_bg_size_mobile&quot;:&quot;&quot;,&quot;jet_parallax_layout_animation_prop&quot;:&quot;transform&quot;,&quot;jet_parallax_layout_on&quot;:[&quot;desktop&quot;,&quot;tablet&quot;]}]}\">\n\t\t\t\t\t\t<div class=\"elementor-container elementor-column-gap-default\">\n\t\t\t\t\t<div class=\"elementor-column elementor-col-100 elementor-top-column elementor-element elementor-element-3d7532c6\" data-id=\"3d7532c6\" data-element_type=\"column\" data-e-type=\"column\">\n\t\t\t<div class=\"elementor-widget-wrap elementor-element-populated\">\n\t\t\t\t\t\t<div class=\"elementor-element elementor-element-5a284748 elementor-widget elementor-widget-text-editor\" data-id=\"5a284748\" data-element_type=\"widget\" data-e-type=\"widget\" data-widget_type=\"text-editor.default\">\n\t\t\t\t\t\t\t\t\t<h2><strong>Sendingarm\u00e1ti<\/strong><\/h2>\n<p style=\"text-align: left;\" align=\"CENTER\"><span style=\"text-decoration: underline;\"><span style=\"color: #17365d; text-decoration: underline;\"><span style=\"font-family: Calibri, serif;\"><span style=\"font-size: xx-large;\"><b>Pantarnir til innanlands<\/b><\/span><\/span><\/span><\/span><\/p>\n<p>&nbsp;<\/p>\n<p>Allar pantanir um land allt eru sendar me\u00f0 \u00cdslandsp\u00f3sti. \u00de\u00e6r falla undir skilm\u00e1la er gilda um afhendingu, \u00e1byrg\u00f0 og flutning sem er a\u00f0 finna \u00e1 vefs\u00ed\u00f0u \u00cdslandsp\u00f3sts.<br \/>\nAfhendingart\u00edmi er a\u00f0 jafna\u00f0i 2\u20134 virkir dagar eftir \u00fev\u00ed skyni er komi\u00f0 fyrir.<br \/>\nAfgrei\u00f0sluferli hverra pantana sem leggjast inn eftir kl. 12:00, \u00e1 sunnudegi e\u00f0a \u00e1 fr\u00edd\u00f6gum hefst kl. 9:00 n\u00e6sta virkan dag.<br \/>\nFyrir pantanir \u00e1 v\u00f6rum sem nema h\u00e6rra ver\u00f0i en 15.000 kr. (\u00e1n tillits til afhendingarkostna\u00f0ar) er afhending h\u00e9r \u00e1 landi vi\u00f0skiptavini a\u00f0 KOSTNA\u00d0ARLAUSU.<br \/>\nSendingarm\u00f6guleikar eru eftirfarandi:<\/p>\n<p>1. N\u00e6sta p\u00f3sth\u00fas (2-4 dagar):<\/p>\n<p>0-2 kg: 1390 kr.<br \/>\n3-5 kg: 1590 kr.<\/p>\n<p>Fr\u00ed sending ef versla\u00f0 er fyrir 15000 kr. e\u00f0a meira<\/p>\n<p>2. Pakki heim (2-4 dagar):<\/p>\n<p>0-2 kg: 1840 kr.<br \/>\n3-5 kg: 2040 kr.<\/p>\n<p>Fr\u00ed sending ef versla\u00f0 er fyrir 15000 kr. e\u00f0a meira<\/p>\n<p>3. S\u00e6kja \u00e1 Sigt\u00fan 2, 870 V\u00edk<\/p>\n\t\t\t\t\t\t\t\t<\/div>\n\t\t\t\t<div class=\"elementor-element elementor-element-28211bb elementor-widget elementor-widget-text-editor\" data-id=\"28211bb\" data-element_type=\"widget\" data-e-type=\"widget\" data-widget_type=\"text-editor.default\">\n\t\t\t\t\t\t\t\t\t<p>H\u00e6gt er einnig a\u00f0 s\u00e6kja panta\u00f0a v\u00f6ru sj\u00e1lf(ur) \u00ed V\u00edk. \u00c1\u00f0ur en varan er s\u00f3tt \u00fearf a\u00f0 hafa samband vi\u00f0 verslunina me\u00f0 t\u00f6lvup\u00f3sti e\u00f0a s\u00edmlei\u00f0is til a\u00f0 f\u00e1 frekari uppl\u00fdsingar.<\/p>\n\t\t\t\t\t\t\t\t<\/div>\n\t\t\t\t\t<\/div>\n\t\t<\/div>\n\t\t\t\t\t<\/div>\n\t\t<\/section>\n\t\t\t\t<section class=\"elementor-section elementor-top-section elementor-element elementor-element-52dbbee elementor-section-boxed elementor-section-height-default elementor-section-height-default\" data-id=\"52dbbee\" data-element_type=\"section\" data-e-type=\"section\" data-settings=\"{&quot;jet_parallax_layout_list&quot;:[{&quot;jet_parallax_layout_image&quot;:{&quot;url&quot;:&quot;&quot;,&quot;id&quot;:&quot;&quot;,&quot;size&quot;:&quot;&quot;},&quot;_id&quot;:&quot;d825631&quot;,&quot;jet_parallax_layout_image_tablet&quot;:{&quot;url&quot;:&quot;&quot;,&quot;id&quot;:&quot;&quot;,&quot;size&quot;:&quot;&quot;},&quot;jet_parallax_layout_image_mobile&quot;:{&quot;url&quot;:&quot;&quot;,&quot;id&quot;:&quot;&quot;,&quot;size&quot;:&quot;&quot;},&quot;jet_parallax_layout_speed&quot;:{&quot;unit&quot;:&quot;%&quot;,&quot;size&quot;:50,&quot;sizes&quot;:[]},&quot;jet_parallax_layout_type&quot;:&quot;scroll&quot;,&quot;jet_parallax_layout_direction&quot;:&quot;1&quot;,&quot;jet_parallax_layout_fx_direction&quot;:null,&quot;jet_parallax_layout_z_index&quot;:&quot;&quot;,&quot;jet_parallax_layout_bg_x&quot;:50,&quot;jet_parallax_layout_bg_x_tablet&quot;:&quot;&quot;,&quot;jet_parallax_layout_bg_x_mobile&quot;:&quot;&quot;,&quot;jet_parallax_layout_bg_y&quot;:50,&quot;jet_parallax_layout_bg_y_tablet&quot;:&quot;&quot;,&quot;jet_parallax_layout_bg_y_mobile&quot;:&quot;&quot;,&quot;jet_parallax_layout_bg_size&quot;:&quot;auto&quot;,&quot;jet_parallax_layout_bg_size_tablet&quot;:&quot;&quot;,&quot;jet_parallax_layout_bg_size_mobile&quot;:&quot;&quot;,&quot;jet_parallax_layout_animation_prop&quot;:&quot;transform&quot;,&quot;jet_parallax_layout_on&quot;:[&quot;desktop&quot;,&quot;tablet&quot;]}]}\">\n\t\t\t\t\t\t<div class=\"elementor-container elementor-column-gap-default\">\n\t\t\t\t\t<div class=\"elementor-column elementor-col-100 elementor-top-column elementor-element elementor-element-60b2ef6\" data-id=\"60b2ef6\" data-element_type=\"column\" data-e-type=\"column\">\n\t\t\t<div class=\"elementor-widget-wrap elementor-element-populated\">\n\t\t\t\t\t\t<div class=\"elementor-element elementor-element-7b6c2a9 elementor-widget elementor-widget-text-editor\" data-id=\"7b6c2a9\" data-element_type=\"widget\" data-e-type=\"widget\" data-widget_type=\"text-editor.default\">\n\t\t\t\t\t\t\t\t\t<p style=\"text-align: left;\" align=\"CENTER\"><span style=\"text-decoration: underline;\"><span style=\"color: #17365d; text-decoration: underline;\"><span style=\"font-family: Calibri, serif;\"><span style=\"font-size: xx-large;\"><b>Pantanir til \u00fatlanda<\/b><\/span><\/span><\/span><\/span><\/p>\n<p>Afgrei\u00f0slut\u00edmi er 2\u20134 dagar. Vara sendist me\u00f0 <i><b>\u00cdslandsp\u00f3sti<\/b><\/i>. Sendingarkostna\u00f0ur fer eftir \u00feyngd panta\u00f0rar v\u00f6ru og eftir \u00e1kv\u00f6r\u00f0unarlandi.<\/p>\n<p>Fyrir pantanir \u00e1 v\u00f6rum sem nema h\u00e6rra ver\u00f0i en 30.000 kr. (\u00e1n tillits til afhendingarkostna\u00f0ar) er afhending a\u00f0 KOSTNA\u00d0ARLAUSU.<\/p>\n<p>1. Evr\u00f3pa&amp;USA (14-28 dagar):<\/p>\n<p>1-2 kg: 4000 kr.<br \/>\n3-5 kg: 5000 kr.<\/p>\n<p>Fr\u00ed sending ef versla\u00f0 er fyrir 30.000 kr. e\u00f0a meira<\/p>\n<p>2. \u00d6nnur l\u00f6nd (14-40 dagar):<\/p>\n<p>1-2 kg: 5000 kr.<br \/>\n3-5 kg: 7000 kr.<\/p>\n<p>Fr\u00ed sending ef versla\u00f0 er fyrir 30.000 kr. e\u00f0a meira<\/p>\n\t\t\t\t\t\t\t\t<\/div>\n\t\t\t\t<div class=\"elementor-element elementor-element-4686cd9 elementor-widget elementor-widget-text-editor\" data-id=\"4686cd9\" data-element_type=\"widget\" data-e-type=\"widget\" data-widget_type=\"text-editor.default\">\n\t\t\t\t\t\t\t\t\t<p>\u00c1 erlendar sendingar kunna a\u00f0 leggjast a\u00f0flutningsgj\u00f6ld e\u00f0a skattur skv. l\u00f6gum er \u00ed gildi eru \u00ed m\u00f3tt\u00f6kulandi. Gj\u00f6ld \u00feessi eru ekki innifalin \u00ed sendingarkostna\u00f0i og grei\u00f0sla \u00feeirra er \u00e1 \u00e1byrg\u00f0 vi\u00f0skiptavinar.<\/p>\n\t\t\t\t\t\t\t\t<\/div>\n\t\t\t\t\t<\/div>\n\t\t<\/div>\n\t\t\t\t\t<\/div>\n\t\t<\/section>\n\t\t\t\t<\/div>\n\t\t","protected":false},"excerpt":{"rendered":"<p>Sendingarm\u00e1ti Pantarnir til innanlands &nbsp; Allar pantanir um land allt eru sendar me\u00f0 \u00cdslandsp\u00f3sti. \u00de\u00e6r falla undir skilm\u00e1la er gilda um afhendingu, \u00e1byrg\u00f0 og flutning sem er a\u00f0 finna \u00e1 vefs\u00ed\u00f0u \u00cdslandsp\u00f3sts. Afhendingart\u00edmi er a\u00f0 jafna\u00f0i 2\u20134 virkir dagar eftir \u00fev\u00ed skyni er komi\u00f0 fyrir. Afgrei\u00f0sluferli hverra pantana sem leggjast inn eftir kl. 12:00, \u00e1 [&hellip;]<\/p>\n","protected":false},"author":1,"featured_media":0,"parent":0,"menu_order":17,"comment_status":"closed","ping_status":"closed","template":"","meta":{"_acf_changed":false,"footnotes":""},"class_list":["post-3485","page","type-page","status-publish","hentry"],"acf":[],"_links":{"self":[{"href":"https:\/\/woolkatla.com\/is\/wp-json\/wp\/v2\/pages\/3485","targetHints":{"allow":["GET"]}}],"collection":[{"href":"https:\/\/woolkatla.com\/is\/wp-json\/wp\/v2\/pages"}],"about":[{"href":"https:\/\/woolkatla.com\/is\/wp-json\/wp\/v2\/types\/page"}],"author":[{"embeddable":true,"href":"https:\/\/woolkatla.com\/is\/wp-json\/wp\/v2\/users\/1"}],"replies":[{"embeddable":true,"href":"https:\/\/woolkatla.com\/is\/wp-json\/wp\/v2\/comments?post=3485"}],"version-history":[{"count":3,"href":"https:\/\/woolkatla.com\/is\/wp-json\/wp\/v2\/pages\/3485\/revisions"}],"predecessor-version":[{"id":3488,"href":"https:\/\/woolkatla.com\/is\/wp-json\/wp\/v2\/pages\/3485\/revisions\/3488"}],"wp:attachment":[{"href":"https:\/\/woolkatla.com\/is\/wp-json\/wp\/v2\/media?parent=3485"}],"curies":[{"name":"wp","href":"https:\/\/api.w.org\/{rel}","templated":true}]}}