{"id":3215,"date":"2021-11-17T12:12:25","date_gmt":"2021-11-17T12:12:25","guid":{"rendered":"https:\/\/woolkatla.com\/skilmalar\/"},"modified":"2023-09-13T08:58:20","modified_gmt":"2023-09-13T08:58:20","slug":"skilmalar","status":"publish","type":"page","link":"https:\/\/woolkatla.com\/is\/skilmalar\/","title":{"rendered":"Skilm\u00e1lar"},"content":{"rendered":"\t\t<div data-elementor-type=\"wp-page\" data-elementor-id=\"3215\" class=\"elementor elementor-3215 elementor-2906\">\n\t\t\t\t\t\t<section class=\"elementor-section elementor-top-section elementor-element elementor-element-5f37a33c elementor-section-boxed elementor-section-height-default elementor-section-height-default\" data-id=\"5f37a33c\" data-element_type=\"section\" data-e-type=\"section\" data-settings=\"{&quot;jet_parallax_layout_list&quot;:[{&quot;jet_parallax_layout_image&quot;:{&quot;url&quot;:&quot;&quot;,&quot;id&quot;:&quot;&quot;,&quot;size&quot;:&quot;&quot;},&quot;_id&quot;:&quot;d825631&quot;,&quot;jet_parallax_layout_image_tablet&quot;:{&quot;url&quot;:&quot;&quot;,&quot;id&quot;:&quot;&quot;,&quot;size&quot;:&quot;&quot;},&quot;jet_parallax_layout_image_mobile&quot;:{&quot;url&quot;:&quot;&quot;,&quot;id&quot;:&quot;&quot;,&quot;size&quot;:&quot;&quot;},&quot;jet_parallax_layout_speed&quot;:{&quot;unit&quot;:&quot;%&quot;,&quot;size&quot;:50,&quot;sizes&quot;:[]},&quot;jet_parallax_layout_type&quot;:&quot;scroll&quot;,&quot;jet_parallax_layout_direction&quot;:&quot;1&quot;,&quot;jet_parallax_layout_fx_direction&quot;:null,&quot;jet_parallax_layout_z_index&quot;:&quot;&quot;,&quot;jet_parallax_layout_bg_x&quot;:50,&quot;jet_parallax_layout_bg_x_tablet&quot;:&quot;&quot;,&quot;jet_parallax_layout_bg_x_mobile&quot;:&quot;&quot;,&quot;jet_parallax_layout_bg_y&quot;:50,&quot;jet_parallax_layout_bg_y_tablet&quot;:&quot;&quot;,&quot;jet_parallax_layout_bg_y_mobile&quot;:&quot;&quot;,&quot;jet_parallax_layout_bg_size&quot;:&quot;auto&quot;,&quot;jet_parallax_layout_bg_size_tablet&quot;:&quot;&quot;,&quot;jet_parallax_layout_bg_size_mobile&quot;:&quot;&quot;,&quot;jet_parallax_layout_animation_prop&quot;:&quot;transform&quot;,&quot;jet_parallax_layout_on&quot;:[&quot;desktop&quot;,&quot;tablet&quot;]}]}\">\n\t\t\t\t\t\t<div class=\"elementor-container elementor-column-gap-default\">\n\t\t\t\t\t<div class=\"elementor-column elementor-col-100 elementor-top-column elementor-element elementor-element-3d7532c6\" data-id=\"3d7532c6\" data-element_type=\"column\" data-e-type=\"column\">\n\t\t\t<div class=\"elementor-widget-wrap elementor-element-populated\">\n\t\t\t\t\t\t<div class=\"elementor-element elementor-element-5a284748 elementor-widget elementor-widget-text-editor\" data-id=\"5a284748\" data-element_type=\"widget\" data-e-type=\"widget\" data-widget_type=\"text-editor.default\">\n\t\t\t\t\t\t\t\t\t<h2><strong>Skilm\u00e1lar<\/strong><\/h2>\n<p>&nbsp;<\/p>\n<p>Netverslunin woolkatla.com er \u00ed eigu Marek Rutkowski og Be\u00f6tu Rutkowska en \u00feau reka starfsemi fyrirt\u00e6kis sem ber heiti\u00f0:<\/p>\n<p lang=\"is-IS\">Prj\u00f3nastofa Katla ehf.<br \/>\nKt. 4901201220<br \/>\nVSK nr. 138047<br \/>\nSigt\u00fan 2, 870 V\u00edk<br \/>\nTel. 003548446056<\/p>\n<p><span style=\"color: #0563c1;\"><u><a href=\"mailto:woolkatla@woolkatla.com\" target=\"_top\"><span lang=\"en-US\">woolkatla@woolkatla.com<\/span><\/a><\/u><\/span><\/p>\n<p lang=\"is-IS\">Netverslunin Prj\u00f3nastofan Katla, h\u00e9r eftir nefnd verslun, rekur atvinnustarfsemi \u00ed s\u00f6lu ullarvara og fylgihluta skv. reglum og skilm\u00e1lum er tilgreindir eru \u00ed reglum \u00feessum.<\/p>\n<h6 lang=\"is-IS\"><strong><br \/>\nPantanir<\/strong><\/h6>\n<p lang=\"is-IS\">Allar v\u00f6rur sem \u00ed bo\u00f0i eru \u00ed versluninni eru framleiddar me\u00f0 lagalegum h\u00e6tti og koma n\u00fdjar beint \u00far verksmi\u00f0ju.<\/p>\n<p><span lang=\"is-IS\">Pantanir \u00e1 v\u00f6rum sem verslunin b\u00fd\u00f0ur upp \u00e1 er h\u00e6gt a\u00f0 leggja inn \u00ed gegnum vefg\u00e1ttina \u00e1 <\/span><span style=\"color: #0563c1;\"><a href=\"http:\/\/www.woolkatla.com\/\" target=\"_top\"><span style=\"color: #000000;\"><span lang=\"is-IS\">www.woolkatla.com<\/span><\/span><\/a><\/span><span lang=\"is-IS\">.<\/span><\/p>\n<p lang=\"is-IS\">H\u00e6gt er a\u00f0 leggja inn p\u00f6ntun allan s\u00f3larhringinn, 7 daga \u00ed viku, allt \u00e1ri\u00f0 um kring.<\/p>\n<p><span lang=\"is-IS\">Vi\u00f0skiptavinur settur \u00ed <\/span><span lang=\"is-IS\"><i>k\u00f6rfu<\/i><\/span><span lang=\"is-IS\"> v\u00f6rur sem hann hefur vali\u00f0 s\u00e9r me\u00f0 \u00fev\u00ed a\u00f0 smella \u00e1 tiltekna v\u00f6ru. N\u00e6st fyllir hann \u00fat p\u00f6ntunarey\u00f0ubla\u00f0 og smellir svo \u00e1 takkann <\/span><span lang=\"is-IS\"><i>Sta\u00f0festa p\u00f6ntun<\/i><\/span><span lang=\"is-IS\">. <\/span><\/p>\n<p lang=\"is-IS\">P\u00f6ntun telst gild og m\u00f3ttekin um lei\u00f0 og greitt hefur veri\u00f0 vegna vi\u00f0skipta inn \u00e1 reikning verslunarinnar.<\/p>\n<p lang=\"is-IS\">\u00cd rauninni f\u00e1st allar \u00fe\u00e6r v\u00f6rur sem sj\u00e1st \u00e1 vefs\u00ed\u00f0u verslunarinnar \u00e1 vefg\u00e1ttinni woolkatla.com og eru til \u00e1 lager nema anna\u00f0 s\u00e9 teki\u00f0 fram \u00ed v\u00f6rul\u00fdsingu.<\/p>\n<p lang=\"is-IS\">Komi \u00ed lj\u00f3s eftir a\u00f0 p\u00f6ntun hefur veri\u00f0 l\u00f6g\u00f0 inn a\u00f0 varan s\u00e9 ekki til e\u00f0a ver\u00f0i til \u00e1 \u00f6\u00f0rum afgrei\u00f0slut\u00edma en \u00feeim er kemur fram \u00ed reglum \u00feessum, uppl\u00fdsir verslunin vi\u00f0skiptavin um \u00fea\u00f0 tafarlaust og gefur til kynna n\u00e6sta m\u00f6gulega afgrei\u00f0sludag.<\/p>\n<p lang=\"is-IS\">Ver\u00f0i n\u00fdr afgrei\u00f0slu- og afhendingardagur ekki sam\u00feykktur \u00e1 vi\u00f0skiptavinur r\u00e9tt \u00e1 a\u00f0 h\u00e6tta vi\u00f0 p\u00f6ntunina a\u00f0 \u00f6llu leyti e\u00f0a a\u00f0 hluta til innan 3 virkra daga fr\u00e1 m\u00f3tt\u00f6ku ofangreindra uppl\u00fdsinga a\u00f0 telja.<\/p>\n<p lang=\"is-IS\">Vegna pantana \u00e1 s\u00e9rh\u00f6nnu\u00f0um v\u00f6rum hefur verslunin samband vi\u00f0 vi\u00f0skiptavin til a\u00f0 r\u00e6\u00f0a m\u00f6gulegan afgrei\u00f0sludag.<\/p>\n<p lang=\"is-IS\">Pantanir \u00e1 v\u00f6rum eru afgreiddar \u00ed \u00feeirri r\u00f6\u00f0 er \u00fe\u00e6r berast.<\/p>\n<h6 lang=\"is-IS\"><strong>Ver\u00f0 \u00e1 v\u00f6rum<\/strong><\/h6>\n<p lang=\"is-IS\">Ver\u00f0 \u00e1 v\u00f6rum er gefi\u00f0 upp \u00ed \u00edslenskum gjaldmi\u00f0li og telst heildarver\u00f0 (me\u00f0 24% VSK). Sendingarkostna\u00f0ur reiknast \u00e1\u00f0ur en grei\u00f0slan fer fram.<\/p>\n<h6 lang=\"is-IS\"><b>Grei\u00f0sla<\/b><\/h6>\n<p lang=\"is-IS\">Fyrirt\u00e6ki okkar notast vi\u00f0 \u00f6ruggu grei\u00f0slu\u00fej\u00f3nustuna Saltpay en \u00ed henni felst \u00fea\u00f0 a\u00f0 fyrir panta\u00f0a v\u00f6ru er unnt a\u00f0 grei\u00f0a me\u00f0 v\u00edsa- og debetkorti. Tekin er einnig \u00e1 m\u00f3ti grei\u00f0sla me\u00f0 VISA Electron, Mastercard og Maestro.<\/p>\n<p><span lang=\"is-IS\">Ef um millif\u00e6rslu er a\u00f0 r\u00e6\u00f0a \u00fe\u00e1 \u00fearf a\u00f0 hafa samband vi\u00f0 verslunina \u00e1 <\/span><span style=\"color: #0563c1;\"><a href=\"mailto:woolkatla@woolkatla.com\" target=\"_top\"><span style=\"color: #000000;\"><span lang=\"is-IS\">woolkatla@woolkatla.com<\/span><\/span><\/a><\/span><span lang=\"is-IS\">. <\/span><\/p>\n<p lang=\"is-IS\">Bankareikningur: 0182-26-200049<\/p>\n<p><span lang=\"is-IS\">Kennitala: 4901201220<\/span><\/p>\n<p lang=\"is-IS\">Til a\u00f0 tryggja skilvirkni \u00ed afgrei\u00f0slu p\u00f6ntunar \u00fearf a\u00f0 gefa upp p\u00f6ntunarn\u00famer og senda sta\u00f0festingu \u00e1 grei\u00f0slu \u00e1 ofangreint netfang.<\/p>\n<p lang=\"is-IS\">Grei\u00f0a \u00fearf eigi s\u00ed\u00f0ar en innan 3 daga fr\u00e1 \u00fev\u00ed a\u00f0 p\u00f6ntun hefur veri\u00f0 l\u00f6g\u00f0 inn. Ver\u00f0i \u00feetta skilyr\u00f0i ekki uppfyllt fellur p\u00f6ntunin ni\u00f0ur.<\/p>\n<p lang=\"is-IS\">Til a\u00f0 sta\u00f0festa a\u00f0 grei\u00f0slan hafi veri\u00f0 m\u00f3ttekin gefur verslunin \u00fat kvittun en \u00ed s\u00e9rst\u00f6kum tilfellum vegna \u00f3ska vi\u00f0skiptavinar getur verslunin gefi\u00f0 \u00fat reikning.<\/p>\n<h6 lang=\"is-IS\"><strong>V\u00f6ruafhending<br \/>\n<\/strong><\/h6>\n<p lang=\"is-IS\">Afgrei\u00f0sluferli p\u00f6ntunar hefst um lei\u00f0 og grei\u00f0slan vegna v\u00f6ru \u00e1samt sendingarkostna\u00f0i hefur veri\u00f0 m\u00f3ttekin inn \u00e1 reikning verslunarinnar.<\/p>\n<p lang=\"is-IS\">Afgrei\u00f0sluferli hverra pantana sem leggjast inn eftir kl. 12:00, \u00e1 sunnudegi e\u00f0a \u00e1 fr\u00edd\u00f6gum hefst kl. 9:00 n\u00e6sta virkan dag.<\/p>\n<p lang=\"is-IS\">P\u00f6ntu\u00f0 vara sendist \u00e1 heimilisfang vi\u00f0skiptavinar er gefi\u00f0 hefur veri\u00f0 upp \u00ed p\u00f6ntunarey\u00f0ubla\u00f0i.<\/p>\n<p lang=\"is-IS\">Hafi heimilisfang ekki veri\u00f0 gefi\u00f0 upp e\u00f0a um rangt heimilisfang s\u00e9 a\u00f0 r\u00e6\u00f0a vegna v\u00f6ruafhendingar getur \u00fea\u00f0 haft \u00ed f\u00f6r me\u00f0 s\u00e9r seinkun \u00e1 afgrei\u00f0slu e\u00f0a komi\u00f0 \u00ed veg fyrir a\u00f0 unnt ver\u00f0i a\u00f0 afgrei\u00f0a p\u00f6ntunina.<\/p>\n<p lang=\"is-IS\">\u00cd sl\u00edkum tilfellum hefur verslunin samband vi\u00f0 vi\u00f0skiptavin me\u00f0 bei\u00f0ni um a\u00f0 a\u00f0 fylla \u00fat p\u00f6ntunarey\u00f0ubla\u00f0 me\u00f0 r\u00e9ttum h\u00e6tti. Breg\u00f0ist vi\u00f0skiptavinur ekki vi\u00f0 \u00feeirri bei\u00f0ni hefur \u00fea\u00f0 \u00ed f\u00f6r me\u00f0 s\u00e9r a\u00f0 p\u00f6ntunin felli sj\u00e1lfkrafa ni\u00f0ur.<\/p>\n<p lang=\"is-IS\">Allar pantanir um land allt eru sendar me\u00f0 \u00cdslandsp\u00f3sti. \u00de\u00e6r falla undir skilm\u00e1la er gilda um afhendingu, \u00e1byrg\u00f0 og flutning sem er a\u00f0 finna \u00e1 vefs\u00ed\u00f0u \u00cdslandsp\u00f3sts.<\/p>\n<p lang=\"is-IS\">Afhendingarkostna\u00f0ur grei\u00f0ist af vi\u00f0skiptavini.<\/p>\n<p lang=\"is-IS\">Fyrir pantanir \u00e1 v\u00f6rum sem nema h\u00e6rra ver\u00f0i en 15.000 kr. (\u00e1n tillits til afhendingarkostna\u00f0ar) er afhending h\u00e9r \u00e1 landi vi\u00f0skiptavini a\u00f0 KOSTNA\u00d0ARLAUSU.<\/p>\n<p lang=\"is-IS\">S\u00e9 innihald sendingar ekki \u00ed samr\u00e6mi vi\u00f0 p\u00f6ntunina grei\u00f0ir verslunin kostna\u00f0 sem hl\u00fdst af v\u00f6ruskilum og einnig kostna\u00f0 vegna n\u00e6stu afhendingar \u00e1 r\u00e9ttri v\u00f6ru.<\/p>\n<p><span lang=\"is-IS\">Afhendingart\u00edmi er a\u00f0 jafna\u00f0i 2<\/span><span lang=\"is-IS\">\u2013<\/span><span lang=\"is-IS\">4 virkir dagar. S\u00e9 varan ekki \u00e1 lager hefur verslunin samband vi\u00f0 vi\u00f0skiptavin og uppl\u00fdsir hann um n\u00e6sta m\u00f6gulegan afhendingardag. <\/span><\/p>\n<p lang=\"is-IS\">H\u00e6gt er einnig a\u00f0 s\u00e6kja panta\u00f0a v\u00f6ru sj\u00e1lf(ur) \u00ed V\u00edk. \u00c1\u00f0ur en varan er s\u00f3tt \u00fearf a\u00f0 hafa samband vi\u00f0 verslunina me\u00f0 t\u00f6lvup\u00f3sti e\u00f0a s\u00edmlei\u00f0is til a\u00f0 f\u00e1 frekari uppl\u00fdsingar.<\/p>\n<h6 lang=\"is-IS\"><b>Pantanir til \u00fatlanda<\/b><\/h6>\n<p><span lang=\"is-IS\">Afgrei\u00f0slut\u00edmi er 2<\/span><span lang=\"is-IS\">\u2013<\/span><span lang=\"is-IS\">4 dagar. Vara sendist me\u00f0 \u00cdslandsp\u00f3sti. Sendingarkostna\u00f0ur fer eftir \u00feyngd panta\u00f0rar v\u00f6ru og eftir \u00e1kv\u00f6r\u00f0unarlandi. \u00c1\u00e6tla\u00f0an sendingarkostna\u00f0 er a\u00f0 finna \u00e1 vefs\u00ed\u00f0u \u00cdslandsp\u00f3sts. <\/span><\/p>\n<p lang=\"is-IS\">\u00c1 erlendar sendingar kunna a\u00f0 leggjast a\u00f0flutningsgj\u00f6ld e\u00f0a skattur skv. l\u00f6gum er \u00ed gildi eru \u00ed m\u00f3tt\u00f6kulandi. Gj\u00f6ld \u00feessi eru ekki innifalin \u00ed sendingarkostna\u00f0i og grei\u00f0sla \u00feeirra er \u00e1 \u00e1byrg\u00f0 vi\u00f0skiptavinar.<\/p>\n<h6 lang=\"is-IS\"><b>Kv\u00f6rtun og skilafrestur<\/b><\/h6>\n<p><span lang=\"is-IS\">Alls kyns kvartanir \u00ed tengslum vi\u00f0 starfsemi verslunarinnar woolkatla.com, og \u00fe.m.t. \u00f3samr\u00e6mi milli v\u00f6ru og vi\u00f0skiptasamnings, s\u00fdnilega galla \u00ed v\u00f6ru, v\u00f6ruafhendingu o.\u00fe.h., skulu sendar inn me\u00f0 t\u00f6lvup\u00f3sti \u00e1 <a href=\"mailto:woolkatla@gmail.com\" target=\"_top\">woolkatla@gmail.com<\/a>.<\/span><\/p>\n<p lang=\"is-IS\">\u00cd kv\u00f6rtun skal tilgreina v\u00f6ruheiti e\u00f0a t\u00e1kn v\u00f6ru, n\u00famer kvittunar e\u00f0a reiknings, uppl\u00fdsingar um heimilisfang vi\u00f0skiptavinar, \u00e1st\u00e6\u00f0u v\u00f6ruskila sem og kr\u00f6fu vi\u00f0skiptavinar um a\u00f0 ver\u00f0i\u00f0 ver\u00f0i l\u00e6kka\u00f0, um afturk\u00f6llun samnings, skipti \u00e1 v\u00f6runni fyrir gallalausa v\u00f6ru e\u00f0a hugsanlega um a\u00f0 fjarl\u00e6gja galla.<\/p>\n<p lang=\"is-IS\">Afgrei\u00f0slufrestur kvartana er eigi lengri en 7 almanaksdagar fr\u00e1 \u00fev\u00ed a\u00f0 kv\u00f6rtun hefur veri\u00f0 send inn.<\/p>\n<p lang=\"is-IS\">Ver\u00f0i nau\u00f0synlegt a\u00f0 senda vi\u00f0komandi v\u00f6ru til baka vegna afgrei\u00f0slu kv\u00f6rtunar ver\u00f0ur vi\u00f0skiptavinur be\u00f0inn a\u00f0 afhenda v\u00f6runa \u00e1 kostna\u00f0 verslunarinnar \u00e1 ofangreint heimilisfang. Vegna skipta \u00e1 v\u00f6rum grei\u00f0ir vi\u00f0skiptavinur sendingarkostna\u00f0.<\/p>\n<p lang=\"is-IS\">Skila skal v\u00f6ru e\u00f0a skipta \u00e1 henni innan 14 daga fr\u00e1 s\u00f6ludagsetningu a\u00f0 telja. Full endurgrei\u00f0sla er trygg\u00f0 a\u00f0 uppfylltum ofangreindum skilyr\u00f0um um skilafrest.<\/p>\n<p lang=\"is-IS\">Endurgrei\u00f0sla skal fara fram me\u00f0 s\u00f6mu h\u00e6tti og upprunalega grei\u00f0slan.<\/p>\n<p lang=\"is-IS\">Eigi skal skila v\u00f6ru \u00ed verra \u00e1standi en h\u00fan var upprunalega \u00ed ella skuli h\u00fan ekki m\u00f3ttekin.<\/p>\n<p lang=\"is-IS\">Erlendir vi\u00f0skiptavinir geta skila\u00f0 e\u00f0a skipt \u00e1 galla\u00f0ri v\u00f6ru innan 30 daga fr\u00e1 s\u00f6ludagsetningu a\u00f0 telja svo framarlega sem \u00feeir grei\u00f0a sendingarkostna\u00f0 og \u00f6ll vi\u00f0eigandi a\u00f0flutningsgj\u00f6ld. Til a\u00f0 koma \u00ed veg fyrir frekari a\u00f0flutningsgj\u00f6ld m\u00e6lt er me\u00f0 \u00fev\u00ed a\u00f0 varan ver\u00f0i merkt me\u00f0 \u201eSkil \u00e1 v\u00f6ru\u201c.<\/p>\n<h6><span lang=\"is-IS\"><b>Pers\u00f3nuvernd<\/b><\/span><\/h6>\n<p lang=\"is-IS\">Me\u00f0 \u00fev\u00ed a\u00f0 sam\u00feykkja reglur \u00feessar veitir vi\u00f0skiptavinur sam\u00feykki fyrir \u00farvinnslu pers\u00f3nuuppl\u00fdsinga hans af h\u00e1lfu verslunarinnar a\u00f0 \u00fev\u00ed leyti sem nau\u00f0synlegt reynist vegna afgrei\u00f0slu p\u00f6ntunar. Fari\u00f0 er me\u00f0 allar pers\u00f3nuuppl\u00fdsingar sem veittar eru s\u00f6lua\u00f0ila sem tr\u00fana\u00f0arm\u00e1l og ver\u00f0a ekki undir nokkrum kringumst\u00e6\u00f0um afhendar e\u00f0a seldar \u00feri\u00f0ju a\u00f0ilum.<\/p>\n<h6 lang=\"is-IS\"><b>Loka\u00e1kv\u00e6\u00f0i<\/b><\/h6>\n<p lang=\"is-IS\">Prj\u00f3nastofan Katla \u00e1skilur s\u00e9r r\u00e9tt til a\u00f0 geta komi\u00f0 \u00e1 breytingum \u00e1 reglum verslunarinnar af mikilv\u00e6gum \u00e1st\u00e6\u00f0um. Til \u00feeirra teljast s\u00e9rstaklega eftirtalin atri\u00f0i: breytt l\u00f6g, breyttur grei\u00f0slu- og afhendingarm\u00e1ti a\u00f0 \u00fev\u00ed leyti sem breytingar \u00feessar geti haft \u00e1hrif \u00e1 hvort unnt s\u00e9 a\u00f0 fara a\u00f0 \u00e1kv\u00e6\u00f0um reglna \u00feessara. Breytingar \u00e1 reglum \u00feessum koma ekki til a\u00f0 brj\u00f3ta \u00ed b\u00e1ga vi\u00f0 r\u00e9ttindi vi\u00f0skiptavinar sem \u00feeir hafa \u00e1unni\u00f0 s\u00e9r \u00e1\u00f0ur en breytingar \u00e1 reglum \u00feessum gengu \u00ed gildi, en s\u00e9rstaklega skulu \u00fe\u00e6r ekki hafa \u00e1hrif \u00e1 pantanir sem veri\u00f0 er a\u00f0 leggja inn e\u00f0a hafa \u00feegar veri\u00f0 lag\u00f0ar inn, og ekki heldur \u00e1 s\u00f6lusamning sem hefur veri\u00f0 ger\u00f0ur, er \u00ed gildi n\u00fa e\u00f0a hefur veri\u00f0 efnt.<\/p>\n<p lang=\"is-IS\">Reglur \u00feessar skal t\u00falka skv. \u00edslenskum l\u00f6gum.<\/p>\n<h6 lang=\"is-IS\"><b>L\u00f6g og varnar\u00feing<\/b><\/h6>\n<p lang=\"is-IS\">R\u00edsi \u00e1greiningur um \u00f6nnur atri\u00f0i er kve\u00f0i\u00f0 er ekki \u00e1 um \u00ed reglum \u00feessum skal leita \u00farskur\u00f0ar H\u00e9ra\u00f0sd\u00f3ms Reykjav\u00edkur.<\/p>\n<p lang=\"is-IS\">\n\t\t\t\t\t\t\t\t<\/div>\n\t\t\t\t\t<\/div>\n\t\t<\/div>\n\t\t\t\t\t<\/div>\n\t\t<\/section>\n\t\t\t\t<\/div>\n\t\t","protected":false},"excerpt":{"rendered":"<p>Skilm\u00e1lar &nbsp; Netverslunin woolkatla.com er \u00ed eigu Marek Rutkowski og Be\u00f6tu Rutkowska en \u00feau reka starfsemi fyrirt\u00e6kis sem ber heiti\u00f0: Prj\u00f3nastofa Katla ehf. Kt. 4901201220 VSK nr. 138047 Sigt\u00fan 2, 870 V\u00edk Tel. 003548446056 woolkatla@woolkatla.com Netverslunin Prj\u00f3nastofan Katla, h\u00e9r eftir nefnd verslun, rekur atvinnustarfsemi \u00ed s\u00f6lu ullarvara og fylgihluta skv. reglum og skilm\u00e1lum er tilgreindir [&hellip;]<\/p>\n","protected":false},"author":1,"featured_media":0,"parent":0,"menu_order":14,"comment_status":"closed","ping_status":"closed","template":"","meta":{"_acf_changed":false,"footnotes":""},"class_list":["post-3215","page","type-page","status-publish","hentry"],"acf":[],"_links":{"self":[{"href":"https:\/\/woolkatla.com\/is\/wp-json\/wp\/v2\/pages\/3215","targetHints":{"allow":["GET"]}}],"collection":[{"href":"https:\/\/woolkatla.com\/is\/wp-json\/wp\/v2\/pages"}],"about":[{"href":"https:\/\/woolkatla.com\/is\/wp-json\/wp\/v2\/types\/page"}],"author":[{"embeddable":true,"href":"https:\/\/woolkatla.com\/is\/wp-json\/wp\/v2\/users\/1"}],"replies":[{"embeddable":true,"href":"https:\/\/woolkatla.com\/is\/wp-json\/wp\/v2\/comments?post=3215"}],"version-history":[{"count":7,"href":"https:\/\/woolkatla.com\/is\/wp-json\/wp\/v2\/pages\/3215\/revisions"}],"predecessor-version":[{"id":3514,"href":"https:\/\/woolkatla.com\/is\/wp-json\/wp\/v2\/pages\/3215\/revisions\/3514"}],"wp:attachment":[{"href":"https:\/\/woolkatla.com\/is\/wp-json\/wp\/v2\/media?parent=3215"}],"curies":[{"name":"wp","href":"https:\/\/api.w.org\/{rel}","templated":true}]}}